{"id":81,"date":"2024-10-29T21:59:23","date_gmt":"2024-10-29T21:59:23","guid":{"rendered":"https:\/\/speaknowtv.taylorswift.com.br\/?page_id=81"},"modified":"2024-10-29T22:31:52","modified_gmt":"2024-10-29T22:31:52","slug":"critica-e-desempenho","status":"publish","type":"page","link":"https:\/\/speaknowtv.taylorswift.com.br\/index.php\/critica-e-desempenho\/","title":{"rendered":"Cr\u00edtica e Desempenho"},"content":{"rendered":"\n<p class=\"has-text-align-center\"><strong>Desempenho Comercial<\/strong><br>2 Semanas no topo da <strong>Billboard 200<\/strong>;<br>#1 no<strong> Top Country Albuns<\/strong>;<br><strong>716.000 c\u00f3pias vendidas<\/strong> em sua primeira semana nos Estados Unidos;<br><strong>507.000 c\u00f3pias puras<\/strong>, se tornando o maior n\u00famero para um \u00e1lbum country desde <em>&#8216;Crash My Party (2014)&#8217; <\/em>de<em> Luke Bryan<\/em>; <br>\u00a0<strong>268.500 c\u00f3pias em vinil<\/strong>, foi o segundo maior n\u00famero de c\u00f3pias para um \u00e1lbum em uma semana, desde que o MRC Data come\u00e7ou a monitorar as vendas em 1991; o recorde pertencia \u00e0 \u00e9poca ao \u00e1lbum \u201cMidnights\u201d, tamb\u00e9m de Taylor Swift;<br>Todas as suas 22 faixas debutaram na <strong>Billboard Hot 100<\/strong>.<\/p>\n\n\n<div class=\"wp-block-image\">\n<figure class=\"aligncenter size-full is-resized\"><img loading=\"lazy\" decoding=\"async\" width=\"1080\" height=\"540\" src=\"https:\/\/speaknowtv.taylorswift.com.br\/wp-content\/uploads\/2024\/10\/SN-Doodle-copy-2.png\" alt=\"\" class=\"wp-image-86\" style=\"width:291px;height:auto\" srcset=\"https:\/\/speaknowtv.taylorswift.com.br\/wp-content\/uploads\/2024\/10\/SN-Doodle-copy-2.png 1080w, https:\/\/speaknowtv.taylorswift.com.br\/wp-content\/uploads\/2024\/10\/SN-Doodle-copy-2-300x150.png 300w, https:\/\/speaknowtv.taylorswift.com.br\/wp-content\/uploads\/2024\/10\/SN-Doodle-copy-2-1024x512.png 1024w, https:\/\/speaknowtv.taylorswift.com.br\/wp-content\/uploads\/2024\/10\/SN-Doodle-copy-2-768x384.png 768w\" sizes=\"(max-width: 1080px) 100vw, 1080px\" \/><\/figure><\/div>\n\n\n<p class=\"has-text-align-center\"><strong>Desempenho em charts oficiais mundiais<\/strong><br><strong>#1<\/strong> na <strong>Austr\u00e1lia <\/strong>(ARIA);<br><strong>#1<\/strong> na Austr\u00e1lia Country Albuns (ARIA);<br>#1 na <strong>B\u00e9lgica <\/strong>(Ultratop 50 Flandres);<br><strong>#1<\/strong> na <strong>Esc\u00f3cia<\/strong>;<br><strong>#1<\/strong> na <strong>Irlanda <\/strong>(IRMA);<br><strong>#1<\/strong> na<strong> Nova Zel\u00e2ndia<\/strong> (Recorded Music NZ);<br><strong>#1<\/strong> nos <strong>Pa\u00edses Baixos<\/strong> (Album Top 100);<br><strong>#1<\/strong> no <strong>Reino Unido<\/strong> (OCC);<br><strong>#2 <\/strong>na <strong>Fran\u00e7a <\/strong>(SNEP);<br><strong>#2<\/strong> na <strong>Noruega <\/strong>(VG-lista);<br><strong>#4<\/strong> na <strong>It\u00e1lia <\/strong>(FIMI);<br><strong>#6<\/strong> na <strong>Finl\u00e2ndia<\/strong> (Suomen virallinen lista);<br><strong>#7<\/strong> no <strong>Jap\u00e3o <\/strong>(Digital Albuns Oricon);<br><strong>#10<\/strong> na <strong>Litu\u00e2nia <\/strong>(AGATA).<br><br><\/p>\n\n\n<div class=\"wp-block-image\">\n<figure class=\"aligncenter size-full is-resized\"><img loading=\"lazy\" decoding=\"async\" width=\"1080\" height=\"540\" src=\"https:\/\/speaknowtv.taylorswift.com.br\/wp-content\/uploads\/2024\/10\/SN-Doodle-copy-2.png\" alt=\"\" class=\"wp-image-86\" style=\"width:291px;height:auto\" srcset=\"https:\/\/speaknowtv.taylorswift.com.br\/wp-content\/uploads\/2024\/10\/SN-Doodle-copy-2.png 1080w, https:\/\/speaknowtv.taylorswift.com.br\/wp-content\/uploads\/2024\/10\/SN-Doodle-copy-2-300x150.png 300w, https:\/\/speaknowtv.taylorswift.com.br\/wp-content\/uploads\/2024\/10\/SN-Doodle-copy-2-1024x512.png 1024w, https:\/\/speaknowtv.taylorswift.com.br\/wp-content\/uploads\/2024\/10\/SN-Doodle-copy-2-768x384.png 768w\" sizes=\"(max-width: 1080px) 100vw, 1080px\" \/><\/figure><\/div>\n\n\n<p class=\"has-text-align-center\"><br><strong>Certifica\u00e7\u00f5es<\/strong><br><strong>Certificado de prata<\/strong> no <strong>Reino Unido<\/strong> (BPI) por <strong>60.000 c\u00f3pias vendidas<\/strong>.<br><\/p>\n\n\n<div class=\"wp-block-image\">\n<figure class=\"aligncenter size-full is-resized\"><img loading=\"lazy\" decoding=\"async\" width=\"1080\" height=\"540\" src=\"https:\/\/speaknowtv.taylorswift.com.br\/wp-content\/uploads\/2024\/10\/SN-Doodle-copy-2.png\" alt=\"\" class=\"wp-image-86\" style=\"width:291px;height:auto\" srcset=\"https:\/\/speaknowtv.taylorswift.com.br\/wp-content\/uploads\/2024\/10\/SN-Doodle-copy-2.png 1080w, https:\/\/speaknowtv.taylorswift.com.br\/wp-content\/uploads\/2024\/10\/SN-Doodle-copy-2-300x150.png 300w, https:\/\/speaknowtv.taylorswift.com.br\/wp-content\/uploads\/2024\/10\/SN-Doodle-copy-2-1024x512.png 1024w, https:\/\/speaknowtv.taylorswift.com.br\/wp-content\/uploads\/2024\/10\/SN-Doodle-copy-2-768x384.png 768w\" sizes=\"(max-width: 1080px) 100vw, 1080px\" \/><\/figure><\/div>\n\n\n<p class=\"has-text-align-center\"><strong>Desempenho no Spotify<\/strong><br><strong>126.3 milh\u00f5es de streams<\/strong>, tornando-se o <em>\u00e1lbum feminino com mais plays num \u00fanico dia<\/em> em 2023;<br>Maior n\u00famero de streams em um dia para qualquer \u00e1lbum country na hist\u00f3ria da plataforma;<br>Todas as <strong>22 faixas debutaram<\/strong> no <strong>Top 23 do Spotify dos Estados Unidos<\/strong>;<\/p>\n\n\n<div class=\"wp-block-image\">\n<figure class=\"aligncenter size-full is-resized\"><img loading=\"lazy\" decoding=\"async\" width=\"1080\" height=\"540\" src=\"https:\/\/speaknowtv.taylorswift.com.br\/wp-content\/uploads\/2024\/10\/SN-Doodle-copy-2.png\" alt=\"\" class=\"wp-image-86\" style=\"width:291px;height:auto\" srcset=\"https:\/\/speaknowtv.taylorswift.com.br\/wp-content\/uploads\/2024\/10\/SN-Doodle-copy-2.png 1080w, https:\/\/speaknowtv.taylorswift.com.br\/wp-content\/uploads\/2024\/10\/SN-Doodle-copy-2-300x150.png 300w, https:\/\/speaknowtv.taylorswift.com.br\/wp-content\/uploads\/2024\/10\/SN-Doodle-copy-2-1024x512.png 1024w, https:\/\/speaknowtv.taylorswift.com.br\/wp-content\/uploads\/2024\/10\/SN-Doodle-copy-2-768x384.png 768w\" sizes=\"(max-width: 1080px) 100vw, 1080px\" \/><\/figure><\/div>\n\n\n<p class=\"has-text-align-center\"><strong>Recep\u00e7\u00e3o da Cr\u00edtica Especializada<br>Metacritic \u2013 <\/strong>81<br>Com 14 avalia\u00e7\u00f5es, <strong>\u201cSpeak Now (Taylor&#8217;s Version)\u201d <\/strong>possui 13 avalia\u00e7\u00f5es positivas e apenas uma mixada.<\/p>\n\n\n<div class=\"wp-block-image\">\n<figure class=\"aligncenter size-full is-resized\"><img loading=\"lazy\" decoding=\"async\" width=\"1080\" height=\"540\" src=\"https:\/\/speaknowtv.taylorswift.com.br\/wp-content\/uploads\/2024\/10\/SN-Doodle-copy-2.png\" alt=\"\" class=\"wp-image-86\" style=\"width:291px;height:auto\" srcset=\"https:\/\/speaknowtv.taylorswift.com.br\/wp-content\/uploads\/2024\/10\/SN-Doodle-copy-2.png 1080w, https:\/\/speaknowtv.taylorswift.com.br\/wp-content\/uploads\/2024\/10\/SN-Doodle-copy-2-300x150.png 300w, https:\/\/speaknowtv.taylorswift.com.br\/wp-content\/uploads\/2024\/10\/SN-Doodle-copy-2-1024x512.png 1024w, https:\/\/speaknowtv.taylorswift.com.br\/wp-content\/uploads\/2024\/10\/SN-Doodle-copy-2-768x384.png 768w\" sizes=\"(max-width: 1080px) 100vw, 1080px\" \/><\/figure><\/div>\n\n\n<p class=\"has-text-align-center\"><strong>Rolling Stone \u2013 80<\/strong><br>\u201cTaylor disse que o \u00e1lbum foi gravado quando ela tinha 32 anos (portanto, em algum momento entre dezembro de 2021 e 2022), \u00e9 bastante fiel \u00e0 vers\u00e3o original em termos de sonoridade. Swift e o engenheiro Christopher Rowe tornaram a produ\u00e7\u00e3o um pouco mais \u00e1spera do que a original de 2010, pronta para r\u00e1dios country, mas nada passou por uma reinven\u00e7\u00e3o completa. Os vocais de Swift se tornaram um pouco mais controlados desde aqueles dias, mas ela canaliza sua exuber\u00e2ncia (e leve sotaque aqui e ali) com entusiasmo, tornando momentos como a ponte de \u2018Mean\u2019 (onde Swift chama um hater de \u2018mentiroso, pat\u00e9tico, solit\u00e1rio na vida e cruel\u2019) alegremente conscientes.\u201d<\/p>\n\n\n<div class=\"wp-block-image\">\n<figure class=\"aligncenter size-full is-resized\"><img loading=\"lazy\" decoding=\"async\" width=\"1080\" height=\"540\" src=\"https:\/\/speaknowtv.taylorswift.com.br\/wp-content\/uploads\/2024\/10\/SN-Doodle-copy-2.png\" alt=\"\" class=\"wp-image-86\" style=\"width:291px;height:auto\" srcset=\"https:\/\/speaknowtv.taylorswift.com.br\/wp-content\/uploads\/2024\/10\/SN-Doodle-copy-2.png 1080w, https:\/\/speaknowtv.taylorswift.com.br\/wp-content\/uploads\/2024\/10\/SN-Doodle-copy-2-300x150.png 300w, https:\/\/speaknowtv.taylorswift.com.br\/wp-content\/uploads\/2024\/10\/SN-Doodle-copy-2-1024x512.png 1024w, https:\/\/speaknowtv.taylorswift.com.br\/wp-content\/uploads\/2024\/10\/SN-Doodle-copy-2-768x384.png 768w\" sizes=\"(max-width: 1080px) 100vw, 1080px\" \/><\/figure><\/div>\n\n\n<p class=\"has-text-align-center\"><strong>The Telegraph \u2013 80<\/strong><br>\u00a0\u201cUma artista cujo cada passo \u00e9 intencional, cada lan\u00e7amento cheio de segredos e magia destinados a fazer com que cada ouvinte se sinta especial \u2013 a esquecer que s\u00e3o apenas um entre milh\u00f5es \u2013 os Swifties ir\u00e3o adorar esta p\u00e1gina em sua hist\u00f3ria compartilhada. Esperamos que isso signifique que a m\u00fasica futura de Swift retorne ao country \u2013 o g\u00eanero em que ela parece mais \u00e0 vontade.\u201d<\/p>\n\n\n<div class=\"wp-block-image\">\n<figure class=\"aligncenter size-full is-resized\"><img loading=\"lazy\" decoding=\"async\" width=\"1080\" height=\"540\" src=\"https:\/\/speaknowtv.taylorswift.com.br\/wp-content\/uploads\/2024\/10\/SN-Doodle-copy-2.png\" alt=\"\" class=\"wp-image-86\" style=\"width:291px;height:auto\" srcset=\"https:\/\/speaknowtv.taylorswift.com.br\/wp-content\/uploads\/2024\/10\/SN-Doodle-copy-2.png 1080w, https:\/\/speaknowtv.taylorswift.com.br\/wp-content\/uploads\/2024\/10\/SN-Doodle-copy-2-300x150.png 300w, https:\/\/speaknowtv.taylorswift.com.br\/wp-content\/uploads\/2024\/10\/SN-Doodle-copy-2-1024x512.png 1024w, https:\/\/speaknowtv.taylorswift.com.br\/wp-content\/uploads\/2024\/10\/SN-Doodle-copy-2-768x384.png 768w\" sizes=\"(max-width: 1080px) 100vw, 1080px\" \/><\/figure><\/div>\n\n\n<p class=\"has-text-align-center\"><strong>The Independent \u2013 80<\/strong><br>\u201cO passado geralmente n\u00e3o \u00e9 o lugar mais confort\u00e1vel para se habitar, mas Swift incorpora plenamente sua vers\u00e3o mais jovem, impregnando essas faixas com a mesma imediatismo e peso emocional que ela tinha todos aqueles anos atr\u00e1s. Com sotaque country ou n\u00e3o.\u201d<\/p>\n\n\n<div class=\"wp-block-image\">\n<figure class=\"aligncenter size-full is-resized\"><img loading=\"lazy\" decoding=\"async\" width=\"1080\" height=\"540\" src=\"https:\/\/speaknowtv.taylorswift.com.br\/wp-content\/uploads\/2024\/10\/SN-Doodle-copy-2.png\" alt=\"\" class=\"wp-image-86\" style=\"width:291px;height:auto\" srcset=\"https:\/\/speaknowtv.taylorswift.com.br\/wp-content\/uploads\/2024\/10\/SN-Doodle-copy-2.png 1080w, https:\/\/speaknowtv.taylorswift.com.br\/wp-content\/uploads\/2024\/10\/SN-Doodle-copy-2-300x150.png 300w, https:\/\/speaknowtv.taylorswift.com.br\/wp-content\/uploads\/2024\/10\/SN-Doodle-copy-2-1024x512.png 1024w, https:\/\/speaknowtv.taylorswift.com.br\/wp-content\/uploads\/2024\/10\/SN-Doodle-copy-2-768x384.png 768w\" sizes=\"(max-width: 1080px) 100vw, 1080px\" \/><\/figure><\/div>\n\n\n<p class=\"has-text-align-center\"><strong>Spin \u2013 80<\/strong><br>\u201cEmbora n\u00e3o seja t\u00e3o \u00e9pico quanto seu monstro de 30 faixas \u2018Red (Taylor\u2019s Version)\u2019, sua regrava\u00e7\u00e3o mais curta at\u00e9 o momento ainda \u00e9 uma jornada com 104 minutos e 22 m\u00fasicas. Embora a maioria dos Swifties passe facilmente nesse \u00faltimo teste de compromisso e aten\u00e7\u00e3o, investigando as notas de capa em busca de pistas reveladoras sobre qual das tr\u00eas regrava\u00e7\u00f5es restantes vir\u00e1 a seguir: Taylor Swift (2006), 1989 (2014) ou Reputation (2017). Mas os f\u00e3s que passarem por esse \u00faltimo teste de compromisso encontrar\u00e3o outra r\u00e9plica estudada e resoluta de um dos \u00e1lbuns mais cativantes e formativos de Swift \u2013 um projeto que a viu aprimorar suas ferramentas de composi\u00e7\u00e3o e se preparar para ir al\u00e9m da bolha do country-pop. \u00c9 mais um exemplo deslumbrante de trazer uma imagem em foco, capturando a nostalgia e expandindo o universo, instigando f\u00e3s antigos e novos a deixarem tudo de lado e se deliciarem com as barreiras que ela rompeu.\u201d<\/p>\n\n\n<div class=\"wp-block-image\">\n<figure class=\"aligncenter size-full is-resized\"><img loading=\"lazy\" decoding=\"async\" width=\"1080\" height=\"540\" src=\"https:\/\/speaknowtv.taylorswift.com.br\/wp-content\/uploads\/2024\/10\/SN-Doodle-copy-2.png\" alt=\"\" class=\"wp-image-86\" style=\"width:291px;height:auto\" srcset=\"https:\/\/speaknowtv.taylorswift.com.br\/wp-content\/uploads\/2024\/10\/SN-Doodle-copy-2.png 1080w, https:\/\/speaknowtv.taylorswift.com.br\/wp-content\/uploads\/2024\/10\/SN-Doodle-copy-2-300x150.png 300w, https:\/\/speaknowtv.taylorswift.com.br\/wp-content\/uploads\/2024\/10\/SN-Doodle-copy-2-1024x512.png 1024w, https:\/\/speaknowtv.taylorswift.com.br\/wp-content\/uploads\/2024\/10\/SN-Doodle-copy-2-768x384.png 768w\" sizes=\"(max-width: 1080px) 100vw, 1080px\" \/><\/figure><\/div>\n\n\n<p class=\"has-text-align-center\"><strong>The Line of Best Fit \u2013 70 <\/strong><br>\u201cA Swift de 2010 n\u00e3o poderia prever a quantidade de barreiras que ela teria que superar ou a quantidade de drag\u00f5es que ela teria que derrotar nos 13 anos que se seguiram. Mas se \u2018Speak Now (Taylor\u2019s Version) representa apenas uma coisa, \u00e9 que seus f\u00e3s estar\u00e3o l\u00e1 para apoi\u00e1-la enquanto ela recupera seu trabalho.\u201d<\/p>\n\n\n<div class=\"wp-block-image\">\n<figure class=\"aligncenter size-full is-resized\"><img loading=\"lazy\" decoding=\"async\" width=\"1080\" height=\"540\" src=\"https:\/\/speaknowtv.taylorswift.com.br\/wp-content\/uploads\/2024\/10\/SN-Doodle-copy-2.png\" alt=\"\" class=\"wp-image-86\" style=\"width:291px;height:auto\" srcset=\"https:\/\/speaknowtv.taylorswift.com.br\/wp-content\/uploads\/2024\/10\/SN-Doodle-copy-2.png 1080w, https:\/\/speaknowtv.taylorswift.com.br\/wp-content\/uploads\/2024\/10\/SN-Doodle-copy-2-300x150.png 300w, https:\/\/speaknowtv.taylorswift.com.br\/wp-content\/uploads\/2024\/10\/SN-Doodle-copy-2-1024x512.png 1024w, https:\/\/speaknowtv.taylorswift.com.br\/wp-content\/uploads\/2024\/10\/SN-Doodle-copy-2-768x384.png 768w\" sizes=\"(max-width: 1080px) 100vw, 1080px\" \/><\/figure><\/div>\n\n\n<p class=\"has-text-align-center\"><strong>The Guardian \u2013 60<\/strong><br>\u201cO \u00e1lbum se baseia na ideia de Swift dizendo as coisas que ela gostaria de ter dito: uma fantasia prolongada sobre ter a \u00faltima palavra na desilus\u00e3o amorosa \u2013 mas tamb\u00e9m, pela primeira vez, sua pr\u00f3pria narrativa.\u201d<\/p>\n\n\n<div class=\"wp-block-image\">\n<figure class=\"aligncenter size-full is-resized\"><img loading=\"lazy\" decoding=\"async\" width=\"1080\" height=\"540\" src=\"https:\/\/speaknowtv.taylorswift.com.br\/wp-content\/uploads\/2024\/10\/SN-Doodle-copy-2.png\" alt=\"\" class=\"wp-image-86\" style=\"width:291px;height:auto\" srcset=\"https:\/\/speaknowtv.taylorswift.com.br\/wp-content\/uploads\/2024\/10\/SN-Doodle-copy-2.png 1080w, https:\/\/speaknowtv.taylorswift.com.br\/wp-content\/uploads\/2024\/10\/SN-Doodle-copy-2-300x150.png 300w, https:\/\/speaknowtv.taylorswift.com.br\/wp-content\/uploads\/2024\/10\/SN-Doodle-copy-2-1024x512.png 1024w, https:\/\/speaknowtv.taylorswift.com.br\/wp-content\/uploads\/2024\/10\/SN-Doodle-copy-2-768x384.png 768w\" sizes=\"(max-width: 1080px) 100vw, 1080px\" \/><\/figure><\/div>\n\n\n<p class=\"has-text-align-center\"><\/p>\n","protected":false},"excerpt":{"rendered":"<p>Desempenho Comercial2 Semanas no topo da Billboard 200;#1 no Top Country Albuns;716.000 c\u00f3pias vendidas em sua primeira semana nos Estados Unidos;507.000 c\u00f3pias puras, se tornando o maior n\u00famero para um \u00e1lbum country desde &#8216;Crash My Party (2014)&#8217; de Luke Bryan; \u00a0268.500 c\u00f3pias em vinil, foi o segundo maior n\u00famero de c\u00f3pias para um \u00e1lbum em [&hellip;]<\/p>\n","protected":false},"author":1,"featured_media":43,"parent":0,"menu_order":0,"comment_status":"closed","ping_status":"closed","template":"","meta":{"footnotes":""},"class_list":["post-81","page","type-page","status-publish","has-post-thumbnail","hentry"],"_links":{"self":[{"href":"https:\/\/speaknowtv.taylorswift.com.br\/index.php\/wp-json\/wp\/v2\/pages\/81"}],"collection":[{"href":"https:\/\/speaknowtv.taylorswift.com.br\/index.php\/wp-json\/wp\/v2\/pages"}],"about":[{"href":"https:\/\/speaknowtv.taylorswift.com.br\/index.php\/wp-json\/wp\/v2\/types\/page"}],"author":[{"embeddable":true,"href":"https:\/\/speaknowtv.taylorswift.com.br\/index.php\/wp-json\/wp\/v2\/users\/1"}],"replies":[{"embeddable":true,"href":"https:\/\/speaknowtv.taylorswift.com.br\/index.php\/wp-json\/wp\/v2\/comments?post=81"}],"version-history":[{"count":12,"href":"https:\/\/speaknowtv.taylorswift.com.br\/index.php\/wp-json\/wp\/v2\/pages\/81\/revisions"}],"predecessor-version":[{"id":131,"href":"https:\/\/speaknowtv.taylorswift.com.br\/index.php\/wp-json\/wp\/v2\/pages\/81\/revisions\/131"}],"wp:featuredmedia":[{"embeddable":true,"href":"https:\/\/speaknowtv.taylorswift.com.br\/index.php\/wp-json\/wp\/v2\/media\/43"}],"wp:attachment":[{"href":"https:\/\/speaknowtv.taylorswift.com.br\/index.php\/wp-json\/wp\/v2\/media?parent=81"}],"curies":[{"name":"wp","href":"https:\/\/api.w.org\/{rel}","templated":true}]}}