{"id":71,"date":"2024-10-29T21:32:09","date_gmt":"2024-10-29T21:32:09","guid":{"rendered":"https:\/\/speaknowtv.taylorswift.com.br\/?page_id=71"},"modified":"2024-10-29T21:32:09","modified_gmt":"2024-10-29T21:32:09","slug":"prologo","status":"publish","type":"page","link":"https:\/\/speaknowtv.taylorswift.com.br\/index.php\/prologo\/","title":{"rendered":"Pr\u00f3logo"},"content":{"rendered":"\n<blockquote class=\"wp-block-quote is-layout-flow wp-block-quote-is-layout-flow\">\n<p>Quando penso no \u00e1lbum Speak Now, come\u00e7o a ficar com um n\u00f3 na garganta. Eu tenho a sensa\u00e7\u00e3o de que sempre ser\u00e1 assim, este per\u00edodo de tempo foi t\u00e3o vibrantemente brilhante com a \u00faltima luz do p\u00f4r do sol da minha inf\u00e2ncia. Eu fiz este \u00e1lbum, totalmente autoescrito, entre os 18 e 20 anos. Eu falei sobre como eu sentia que essas idades s\u00e3o as mais emocionalmente turbulentas da vida. Talvez quando eu digo isso, estou realmente falando sobre mim mesma.<\/p>\n\n\n\n<p>Eu acho que esses podem ter sido os anos mais idealistas e esperan\u00e7osos tamb\u00e9m. Nesse ponto da minha vida, eu tinha lan\u00e7ado meu segundo \u00e1lbum, \u201cFearless\u201d. Se tornou o momento de grande estouro que eu sempre sonhei, que catapultou minha carreira aos novos reinos do sucesso. Ele trouxe consigo uma onda de press\u00f5es, dificuldades e dores do crescimento. Ao mesmo tempo, eu estava passando pelos marcos e dificuldades do crescimento de uma adolescente normal. Eu tive paix\u00f5es catacl\u00edsmicas e encontros com desilus\u00f5es amorosas. Sa\u00ed da casa dos meus pais e me instalei em um novo apartamento. Pendurei fotos nas minhas pr\u00f3prias paredes e decorei o espa\u00e7o onde eu choraria e estremeceria e quebraria e sonharia. \u00c0s vezes eu me sentia como uma adulta, mas na maioria das vezes s\u00f3 queria viajar no tempo de volta para a minha cama de inf\u00e2ncia, onde minha m\u00e3e lia hist\u00f3rias para mim at\u00e9 eu adormecer.<\/p>\n\n\n\n<p>Em meus momentos mais sombrios, eu era atormentada pela d\u00favida que girava ruidosamente em torno da minha ascens\u00e3o e meus m\u00e9ritos como uma artista. Eu estava tentando criar um novo sucesso ap\u00f3s ter o \u00e1lbum country mais premiado da hist\u00f3ria, enquanto estava olhando diretamente para o rosto de cr\u00edticas intensas. Eu tinha sido amplamente e publicamente criticada pela minha voz ao vivo e foi a primeira vez que me deparei com a pergunta irritante que ainda me questionam at\u00e9 hoje: ela realmente escreve suas can\u00e7\u00f5es? Alerta de spoiler: eu realmente, realmente escrevo.<\/p>\n\n\n\n<p>Nos anos seguintes, desenvolvi uma pele mais espessa em rela\u00e7\u00e3o \u00e0 cr\u00edtica p\u00fablica e ao cinismo com o qual algumas pessoas abordam a m\u00fasica que fa\u00e7o. Naquela \u00e9poca, isso me nivelava. Eu tinha vozes na minha cabe\u00e7a me dizendo que eu tinha tido a chance perfeita e a desperdicei. Eu n\u00e3o tinha sido boa o suficiente. Eu dei tudo de mim e ainda assim deixei a desejar.<\/p>\n\n\n\n<p>Eu queria melhorar, me desafiar e desenvolver minhas habilidades como compositora, como artista e como performer. N\u00e3o queria apenas receber respeito e aceita\u00e7\u00e3o em meu campo. Eu queria ganh\u00e1-lo. Para tentar confrontar esses dem\u00f4nios, eu me submeti a extensos treinos vocais e tomei uma decis\u00e3o que definiria completamente este \u00e1lbum: eu decidi que eu poderia escrev\u00ea-lo completamente sozinha. Eu pensei que, eles n\u00e3o poderiam dar todo o cr\u00e9dito ao meu colaborador se n\u00e3o existisse nenhum. Mas isso representou um novo desafio: realmente tinha que ser bom. Se n\u00e3o fosse, estaria provando que meus cr\u00edticos est\u00e3o certos.<\/p>\n\n\n\n<p>Eu n\u00e3o fazia ideia de como essa dor iria me moldar. Que isso foi o come\u00e7o de uma s\u00e9rie de escolhas criativas feitas em rea\u00e7\u00e3o \u00e0s adversidades com desafio. Que minha teimosia diante dos incr\u00e9dulos e detratores se tornaria meu mecanismo de defesa ao longo de toda a minha carreira a partir desse momento. Esse padr\u00e3o exato de agir como forma de rebeli\u00e3o quando me sinto machucada \u00e9 exatamente o motivo pelo qual voc\u00ea est\u00e1 lendo estas palavras agora, e estou relan\u00e7ando este \u00e1lbum.<\/p>\n\n\n\n<p>Passei pelo meu primeiro esc\u00e2ndalo mundial (o momento do microfone roubado visto por todo o mundo). Vivenciei a estranheza de tentar conhecer um garoto enquanto um enxame de paparazzi cercava o carro. A m\u00eddia entrando em contato com meu assessor de imprensa em busca de um comunicado oficial sobre o motivo pelo qual dois adolescentes terminaram o namoro. Essas s\u00e3o experi\u00eancias estranhas para se ter em qualquer idade, mas ainda mais surreais quando se tem 19 anos.<\/p>\n\n\n\n<p>Eu tinha uma sensa\u00e7\u00e3o inc\u00f4moda de que nos momentos mais intensos da minha vida, eu tinha congelado. N\u00e3o tinha dito nada publicamente. Ainda n\u00e3o sei se foi por instinto, por n\u00e3o querer parecer indelicada, ou simplesmente por um medo avassalador. Mas eu me certifiquei de dizer tudo isso nessas m\u00fasicas. Decidi chamar o \u00e1lbum de \u201cSpeak Now\u201d. Foi uma analogia com o momento \u201cfale agora ou cale-se para sempre\u201d em casamentos, mas para mim simbolizava uma oportunidade de responder \u00e0s fofocas e coment\u00e1rios em torno da minha pr\u00f3pria vida.<\/p>\n\n\n\n<p>Algumas dessas revela\u00e7\u00f5es emocionais surpreenderam as pessoas. Alguns esperavam raiva e, em vez disso, receberam compaix\u00e3o e empatia com \u201cInnocent\u201d. Alguns esperavam uma m\u00fasica de t\u00e9rmino desdenhosa, mas em vez disso receberam um pedido de desculpas sincero com a m\u00e3o no cora\u00e7\u00e3o em \u201cBack to December\u201d. Foi um \u00e1lbum precioso para mim por causa de suas vastas extremidades. Foi aut\u00eantico e poderoso. Em minha opini\u00e3o, a m\u00fasica mais triste que j\u00e1 escrevi \u00e9 \u201cLast Kiss\u201d. A mais incisiva \u00e9 \u201cDear John\u201d e a mais saudosamente rom\u00e2ntica \u00e9 \u201cEnchanted\u201d.<\/p>\n\n\n\n<p>Eu sempre me sentirei orgulhosa por estabelecer um objetivo e conseguir super\u00e1-lo. Sempre sentirei arrepios ao me lembrar que cantei \u201cLong Live\u201d para encerrar os shows todas as noites da turn\u00ea. As m\u00e3os estendidas daqueles brilhantes e lindos rostos dos f\u00e3s. O apoio deles foi como uma palma aberta que se estendeu e ajudou a me erguer quando os outros, francamente, foram cru\u00e9is.<\/p>\n\n\n\n<p>Hoje em dia, fa\u00e7o minhas escolhas por essas pessoas, aquelas que sempre acreditaram que eu era boa o suficiente. Eu tento expressar minha opini\u00e3o quando a sinto fortemente, no momento em que a sinto. Ainda sou idealista e sincera em rela\u00e7\u00e3o \u00e0 m\u00fasica que fa\u00e7o, mas fico menos abalada quando as pessoas zombam de mim por isso. Agora eu sei que uma das coisas mais corajosas que uma pessoa pode fazer \u00e9 criar algo com sinceridade inabal\u00e1vel, arriscar tudo. \u00c0s vezes, ainda desejo ser uma crian\u00e7a novamente, em uma cama pequena, antes de crescer.<\/p>\n\n\n\n<p>Sempre vi esse \u00e1lbum como meu \u00e1lbum, e o n\u00f3 na minha garganta se transforma em uma voz tr\u00eamula enquanto digo isso. Gra\u00e7as a voc\u00ea, querido leitor, ele finalmente ser\u00e1.<\/p>\n\n\n\n<p>Eu considero essa m\u00fasica, juntamente com a sua f\u00e9 em mim, a melhor coisa que j\u00e1 foi minha.<\/p>\n\n\n\n<p>Com amor,<br>Taylor<\/p>\n<\/blockquote>\n","protected":false},"excerpt":{"rendered":"<p>Quando penso no \u00e1lbum Speak Now, come\u00e7o a ficar com um n\u00f3 na garganta. Eu tenho a sensa\u00e7\u00e3o de que sempre ser\u00e1 assim, este per\u00edodo de tempo foi t\u00e3o vibrantemente brilhante com a \u00faltima luz do p\u00f4r do sol da minha inf\u00e2ncia. Eu fiz este \u00e1lbum, totalmente autoescrito, entre os 18 e 20 anos. Eu [&hellip;]<\/p>\n","protected":false},"author":1,"featured_media":38,"parent":0,"menu_order":0,"comment_status":"closed","ping_status":"closed","template":"","meta":{"footnotes":""},"class_list":["post-71","page","type-page","status-publish","has-post-thumbnail","hentry"],"_links":{"self":[{"href":"https:\/\/speaknowtv.taylorswift.com.br\/index.php\/wp-json\/wp\/v2\/pages\/71"}],"collection":[{"href":"https:\/\/speaknowtv.taylorswift.com.br\/index.php\/wp-json\/wp\/v2\/pages"}],"about":[{"href":"https:\/\/speaknowtv.taylorswift.com.br\/index.php\/wp-json\/wp\/v2\/types\/page"}],"author":[{"embeddable":true,"href":"https:\/\/speaknowtv.taylorswift.com.br\/index.php\/wp-json\/wp\/v2\/users\/1"}],"replies":[{"embeddable":true,"href":"https:\/\/speaknowtv.taylorswift.com.br\/index.php\/wp-json\/wp\/v2\/comments?post=71"}],"version-history":[{"count":1,"href":"https:\/\/speaknowtv.taylorswift.com.br\/index.php\/wp-json\/wp\/v2\/pages\/71\/revisions"}],"predecessor-version":[{"id":72,"href":"https:\/\/speaknowtv.taylorswift.com.br\/index.php\/wp-json\/wp\/v2\/pages\/71\/revisions\/72"}],"wp:featuredmedia":[{"embeddable":true,"href":"https:\/\/speaknowtv.taylorswift.com.br\/index.php\/wp-json\/wp\/v2\/media\/38"}],"wp:attachment":[{"href":"https:\/\/speaknowtv.taylorswift.com.br\/index.php\/wp-json\/wp\/v2\/media?parent=71"}],"curies":[{"name":"wp","href":"https:\/\/api.w.org\/{rel}","templated":true}]}}