{"id":7,"date":"2024-08-30T17:19:27","date_gmt":"2024-08-30T17:19:27","guid":{"rendered":"https:\/\/speaknowtv.taylorswift.com.br\/?page_id=7"},"modified":"2024-10-30T01:09:06","modified_gmt":"2024-10-30T01:09:06","slug":"home","status":"publish","type":"page","link":"https:\/\/speaknowtv.taylorswift.com.br\/","title":{"rendered":"Home"},"content":{"rendered":"\n<div class=\"wp-block-cover has-parallax Header\"><span aria-hidden=\"true\" class=\"wp-block-cover__background has-black-background-color has-background-dim-30 has-background-dim\"><\/span><div class=\"wp-block-cover__image-background wp-image-15 has-parallax\" style=\"background-position:50% 50%;background-image:url(https:\/\/speaknowtv.taylorswift.com.br\/wp-content\/uploads\/2024\/08\/banner-principal-sn-tv.png)\"><\/div><div class=\"wp-block-cover__inner-container is-layout-constrained wp-block-cover-is-layout-constrained\"><div class=\"wp-block-image wp-duotone-d8d8d8-ffffff-1\">\n<figure class=\"aligncenter size-full\"><img loading=\"lazy\" decoding=\"async\" width=\"1280\" height=\"342\" src=\"https:\/\/speaknowtv.taylorswift.com.br\/wp-content\/uploads\/2024\/08\/speak_now__taylor_s_version_logo_by_mychalrobert_dfwaidx-fullview.png\" alt=\"\" class=\"wp-image-13\" srcset=\"https:\/\/speaknowtv.taylorswift.com.br\/wp-content\/uploads\/2024\/08\/speak_now__taylor_s_version_logo_by_mychalrobert_dfwaidx-fullview.png 1280w, https:\/\/speaknowtv.taylorswift.com.br\/wp-content\/uploads\/2024\/08\/speak_now__taylor_s_version_logo_by_mychalrobert_dfwaidx-fullview-300x80.png 300w, https:\/\/speaknowtv.taylorswift.com.br\/wp-content\/uploads\/2024\/08\/speak_now__taylor_s_version_logo_by_mychalrobert_dfwaidx-fullview-1024x274.png 1024w, https:\/\/speaknowtv.taylorswift.com.br\/wp-content\/uploads\/2024\/08\/speak_now__taylor_s_version_logo_by_mychalrobert_dfwaidx-fullview-768x205.png 768w\" sizes=\"(max-width: 1280px) 100vw, 1280px\" \/><\/figure><\/div>\n\n\n<p class=\"has-text-align-center has-white-color has-text-color\"><strong>Speak Now (Taylor&#8217;s Version)<\/strong> \u00e9 o <strong>terceiro \u00e1lbum regravado<\/strong> de <strong>Taylor Swift<\/strong>, lan\u00e7ado em<strong> 7 de julho de 2023<\/strong>, pelo selo da gravadora Republic Records.<\/p>\n\n\n\n<p class=\"has-text-align-center has-white-color has-text-color\"><a href=\"#sobre\">Ir para o conte\u00fado<\/a><\/p>\n<\/div><\/div>\n\n\n\n<div class=\"wp-block-cover\"><span aria-hidden=\"true\" class=\"wp-block-cover__background has-background-dim-40 has-background-dim\" style=\"background-color:#211c18\"><\/span><img loading=\"lazy\" decoding=\"async\" width=\"1500\" height=\"800\" class=\"wp-block-cover__image-background wp-image-19\" alt=\"\" src=\"https:\/\/speaknowtv.taylorswift.com.br\/wp-content\/uploads\/2024\/08\/background-sn-tv.png\" data-object-fit=\"cover\" srcset=\"https:\/\/speaknowtv.taylorswift.com.br\/wp-content\/uploads\/2024\/08\/background-sn-tv.png 1500w, https:\/\/speaknowtv.taylorswift.com.br\/wp-content\/uploads\/2024\/08\/background-sn-tv-300x160.png 300w, https:\/\/speaknowtv.taylorswift.com.br\/wp-content\/uploads\/2024\/08\/background-sn-tv-1024x546.png 1024w, https:\/\/speaknowtv.taylorswift.com.br\/wp-content\/uploads\/2024\/08\/background-sn-tv-768x410.png 768w\" sizes=\"(max-width: 1500px) 100vw, 1500px\" \/><div class=\"wp-block-cover__inner-container is-layout-constrained wp-block-cover-is-layout-constrained\">\n<p class=\"has-text-align-center has-white-color has-text-color\" id=\"sobre\" style=\"font-size:17px\"><em>\u201cEu sempre pensei nesse \u00e1lbum como meu \u00e1lbum e o n\u00f3 na minha garganta vira uma voz tr\u00eamula quando eu digo isso. Gra\u00e7as a voc\u00ea, caro leitor, finalmente ser\u00e1 meu. Eu considero essas m\u00fasicas, junto com sua f\u00e9 em mim, a melhor coisa que j\u00e1 tive.\u201d<\/em><\/p>\n<\/div><\/div>\n\n\n\n<div class=\"wp-block-cover has-parallax wp-duotone-unset-2\"><span aria-hidden=\"true\" class=\"wp-block-cover__background has-black-background-color has-background-dim-30 has-background-dim\"><\/span><div class=\"wp-block-cover__image-background wp-image-29 has-parallax\" style=\"background-position:50% 50%;background-image:url(https:\/\/speaknowtv.taylorswift.com.br\/wp-content\/uploads\/2024\/10\/Anuncio-SNTV-3.png)\"><\/div><div class=\"wp-block-cover__inner-container is-layout-flow wp-block-cover-is-layout-flow\">\n<h1 class=\"wp-block-heading has-text-align-center has-white-color has-text-color has-link-color has-medium-font-size wp-elements-f7ac18ee4e022719362f668662150856\"><a href=\"https:\/\/speaknowtv.taylorswift.com.br\/index.php\/anuncio\/\" data-type=\"page\" data-id=\"62\">An\u00fancio<\/a><\/h1>\n<\/div><\/div>\n\n\n\n<div class=\"wp-block-cover is-light has-parallax wp-duotone-unset-3\"><span aria-hidden=\"true\" class=\"wp-block-cover__background has-black-background-color has-background-dim-30 has-background-dim\"><\/span><div class=\"wp-block-cover__image-background wp-image-38 has-parallax\" style=\"background-position:50% 50%;background-image:url(https:\/\/speaknowtv.taylorswift.com.br\/wp-content\/uploads\/2024\/10\/regravacoes.png)\"><\/div><div class=\"wp-block-cover__inner-container is-layout-flow wp-block-cover-is-layout-flow\">\n<h1 class=\"wp-block-heading has-text-align-center has-white-color has-text-color has-link-color has-medium-font-size wp-elements-b156db1e81a93dbae46ba6b55af2a02d\"><a href=\"https:\/\/speaknowtv.taylorswift.com.br\/index.php\/entenda-o-processo-de-regravacoes\/\" data-type=\"page\" data-id=\"62\">Entenda o processo de regrava\u00e7\u00f5es<\/a><\/h1>\n<\/div><\/div>\n\n\n\n<div class=\"wp-block-cover has-parallax wp-duotone-unset-4\"><span aria-hidden=\"true\" class=\"wp-block-cover__background has-black-background-color has-background-dim-30 has-background-dim\"><\/span><div class=\"wp-block-cover__image-background wp-image-43 has-parallax\" style=\"background-position:50% 50%;background-image:url(https:\/\/speaknowtv.taylorswift.com.br\/wp-content\/uploads\/2024\/10\/taylors-version.png)\"><\/div><div class=\"wp-block-cover__inner-container is-layout-flow wp-block-cover-is-layout-flow\">\n<h1 class=\"wp-block-heading has-text-align-center has-white-color has-text-color has-link-color has-medium-font-size wp-elements-2f0435940c37f99d4c13aee2eb9d2230\"><a href=\"https:\/\/speaknowtv.taylorswift.com.br\/index.php\/por-que-taylors-version\/\" data-type=\"page\" data-id=\"62\">Por que &#8220;Taylor&#8217;s Version&#8221;?<\/a><\/h1>\n<\/div><\/div>\n\n\n\n<div class=\"wp-block-cover has-parallax wp-duotone-unset-5\"><span aria-hidden=\"true\" class=\"wp-block-cover__background has-black-background-color has-background-dim-30 has-background-dim\"><\/span><div class=\"wp-block-cover__image-background wp-image-63 has-parallax\" style=\"background-position:50% 50%;background-image:url(https:\/\/speaknowtv.taylorswift.com.br\/wp-content\/uploads\/2024\/10\/edicoes-1.png)\"><\/div><div class=\"wp-block-cover__inner-container is-layout-flow wp-block-cover-is-layout-flow\">\n<h1 class=\"wp-block-heading has-text-align-center has-white-color has-text-color has-link-color has-medium-font-size wp-elements-4b3540387cc37a36d58ecda5360b1ddd\"><a href=\"https:\/\/speaknowtv.taylorswift.com.br\/index.php\/edicoes\/\" data-type=\"page\" data-id=\"62\">Edi\u00e7\u00f5es<\/a><\/h1>\n<\/div><\/div>\n\n\n\n<div class=\"wp-block-cover is-light has-parallax wp-duotone-unset-6\"><span aria-hidden=\"true\" class=\"wp-block-cover__background has-black-background-color has-background-dim-30 has-background-dim\"><\/span><div class=\"wp-block-cover__image-background wp-image-67 has-parallax\" style=\"background-position:50% 50%;background-image:url(https:\/\/speaknowtv.taylorswift.com.br\/wp-content\/uploads\/2024\/10\/from-the-vault-1.png)\"><\/div><div class=\"wp-block-cover__inner-container is-layout-flow wp-block-cover-is-layout-flow\">\n<h1 class=\"wp-block-heading has-text-align-center has-white-color has-text-color has-link-color has-medium-font-size wp-elements-f2dfac3ff6060c601a29bdd54d6828e0\"><a href=\"https:\/\/speaknowtv.taylorswift.com.br\/index.php\/por-que-from-the-vault\/\" data-type=\"page\" data-id=\"62\">Por que &#8220;From The Vault&#8221;?<\/a><\/h1>\n<\/div><\/div>\n\n\n\n<div class=\"wp-block-cover is-light has-parallax wp-duotone-unset-7\"><span aria-hidden=\"true\" class=\"wp-block-cover__background has-black-background-color has-background-dim-30 has-background-dim\"><\/span><div class=\"wp-block-cover__image-background wp-image-75 has-parallax\" style=\"background-position:50% 50%;background-image:url(https:\/\/speaknowtv.taylorswift.com.br\/wp-content\/uploads\/2024\/10\/prologo.png)\"><\/div><div class=\"wp-block-cover__inner-container is-layout-flow wp-block-cover-is-layout-flow\">\n<h1 class=\"wp-block-heading has-text-align-center has-white-color has-text-color has-link-color has-medium-font-size wp-elements-fc036f86e0f842e09b65834f6f47169a\"><a href=\"https:\/\/speaknowtv.taylorswift.com.br\/index.php\/prologo\/\" data-type=\"page\" data-id=\"62\">Pr\u00f3logo<\/a><\/h1>\n<\/div><\/div>\n\n\n\n<div class=\"wp-block-cover has-parallax wp-duotone-unset-8\"><span aria-hidden=\"true\" class=\"wp-block-cover__background has-black-background-color has-background-dim-30 has-background-dim\"><\/span><div class=\"wp-block-cover__image-background wp-image-77 has-parallax\" style=\"background-position:50% 50%;background-image:url(https:\/\/speaknowtv.taylorswift.com.br\/wp-content\/uploads\/2024\/10\/letras-e-tradducoes.png)\"><\/div><div class=\"wp-block-cover__inner-container is-layout-flow wp-block-cover-is-layout-flow\">\n<h1 class=\"wp-block-heading has-text-align-center has-white-color has-text-color has-link-color has-medium-font-size wp-elements-957d0a4bd8403a6db49628866dcad96e\"><a href=\"https:\/\/speaknowtv.taylorswift.com.br\/index.php\/letras-e-traducoes\/\" data-type=\"page\" data-id=\"62\">Letras e Tradu\u00e7\u00f5es<\/a><\/h1>\n<\/div><\/div>\n\n\n\n<div class=\"wp-block-cover has-parallax wp-duotone-unset-9\"><span aria-hidden=\"true\" class=\"wp-block-cover__background has-black-background-color has-background-dim-30 has-background-dim\"><\/span><div class=\"wp-block-cover__image-background wp-image-101 has-parallax\" style=\"background-position:50% 50%;background-image:url(https:\/\/speaknowtv.taylorswift.com.br\/wp-content\/uploads\/2024\/10\/taylors-version-2-1.png)\"><\/div><div class=\"wp-block-cover__inner-container is-layout-flow wp-block-cover-is-layout-flow\">\n<h1 class=\"wp-block-heading has-text-align-center has-white-color has-text-color has-link-color has-medium-font-size wp-elements-98be545f0767eb3d07410d2bb36666cc\"><a href=\"https:\/\/speaknowtv.taylorswift.com.br\/index.php\/critica-e-desempenho\/\" data-type=\"page\" data-id=\"62\">Cr\u00edtica e Desempenho<\/a><\/h1>\n<\/div><\/div>\n\n\n\n<div class=\"wp-block-cover is-light has-parallax wp-duotone-unset-10\"><span aria-hidden=\"true\" class=\"wp-block-cover__background has-black-background-color has-background-dim-30 has-background-dim\"><\/span><div class=\"wp-block-cover__image-background wp-image-111 has-parallax\" style=\"background-position:50% 50%;background-image:url(https:\/\/speaknowtv.taylorswift.com.br\/wp-content\/uploads\/2024\/10\/composicao.png)\"><\/div><div class=\"wp-block-cover__inner-container is-layout-flow wp-block-cover-is-layout-flow\">\n<h1 class=\"wp-block-heading has-text-align-center has-white-color has-text-color has-link-color has-medium-font-size wp-elements-e57b652c1df67ed9c8f336aec00160c2\"><a href=\"https:\/\/speaknowtv.taylorswift.com.br\/index.php\/producao-e-composicao\/\" data-type=\"page\" data-id=\"62\">Composi\u00e7\u00e3o e Produ\u00e7\u00e3o<\/a><\/h1>\n<\/div><\/div>\n\n\n\n<div class=\"wp-block-cover has-parallax wp-duotone-unset-11\"><span aria-hidden=\"true\" class=\"wp-block-cover__background has-black-background-color has-background-dim-30 has-background-dim\"><\/span><div class=\"wp-block-cover__image-background wp-image-117 has-parallax\" style=\"background-position:50% 50%;background-image:url(https:\/\/speaknowtv.taylorswift.com.br\/wp-content\/uploads\/2024\/10\/singles-promocionais.png)\"><\/div><div class=\"wp-block-cover__inner-container is-layout-flow wp-block-cover-is-layout-flow\">\n<h1 class=\"wp-block-heading has-text-align-center has-white-color has-text-color has-link-color has-medium-font-size wp-elements-fce534866068466cfd83637bc79cd454\"><a href=\"https:\/\/speaknowtv.taylorswift.com.br\/index.php\/singles-promocionais\/\" data-type=\"page\" data-id=\"62\">Singles Promocionais<\/a><\/h1>\n<\/div><\/div>\n\n\n\n<div class=\"wp-block-cover has-parallax wp-duotone-unset-12\"><span aria-hidden=\"true\" class=\"wp-block-cover__background has-black-background-color has-background-dim-30 has-background-dim\"><\/span><div class=\"wp-block-cover__image-background wp-image-121 has-parallax\" style=\"background-position:50% 50%;background-image:url(https:\/\/speaknowtv.taylorswift.com.br\/wp-content\/uploads\/2024\/10\/clipe.png)\"><\/div><div class=\"wp-block-cover__inner-container is-layout-flow wp-block-cover-is-layout-flow\">\n<h1 class=\"wp-block-heading has-text-align-center has-white-color has-text-color has-link-color has-medium-font-size wp-elements-254823e6b62213cdd95c89bdadd4cf88\"><a href=\"https:\/\/speaknowtv.taylorswift.com.br\/index.php\/videoclipes\/\" data-type=\"page\" data-id=\"62\">Videoclipes<\/a><\/h1>\n<\/div><\/div>\n","protected":false},"excerpt":{"rendered":"","protected":false},"author":1,"featured_media":0,"parent":0,"menu_order":0,"comment_status":"closed","ping_status":"closed","template":"page-paginainicial.php","meta":{"footnotes":""},"class_list":["post-7","page","type-page","status-publish","hentry"],"_links":{"self":[{"href":"https:\/\/speaknowtv.taylorswift.com.br\/index.php\/wp-json\/wp\/v2\/pages\/7"}],"collection":[{"href":"https:\/\/speaknowtv.taylorswift.com.br\/index.php\/wp-json\/wp\/v2\/pages"}],"about":[{"href":"https:\/\/speaknowtv.taylorswift.com.br\/index.php\/wp-json\/wp\/v2\/types\/page"}],"author":[{"embeddable":true,"href":"https:\/\/speaknowtv.taylorswift.com.br\/index.php\/wp-json\/wp\/v2\/users\/1"}],"replies":[{"embeddable":true,"href":"https:\/\/speaknowtv.taylorswift.com.br\/index.php\/wp-json\/wp\/v2\/comments?post=7"}],"version-history":[{"count":18,"href":"https:\/\/speaknowtv.taylorswift.com.br\/index.php\/wp-json\/wp\/v2\/pages\/7\/revisions"}],"predecessor-version":[{"id":124,"href":"https:\/\/speaknowtv.taylorswift.com.br\/index.php\/wp-json\/wp\/v2\/pages\/7\/revisions\/124"}],"wp:attachment":[{"href":"https:\/\/speaknowtv.taylorswift.com.br\/index.php\/wp-json\/wp\/v2\/media?parent=7"}],"curies":[{"name":"wp","href":"https:\/\/api.w.org\/{rel}","templated":true}]}}