{"id":36,"date":"2024-10-29T20:49:12","date_gmt":"2024-10-29T20:49:12","guid":{"rendered":"https:\/\/speaknowtv.taylorswift.com.br\/?page_id=36"},"modified":"2024-10-29T20:49:13","modified_gmt":"2024-10-29T20:49:13","slug":"entenda-o-processo-de-regravacoes","status":"publish","type":"page","link":"https:\/\/speaknowtv.taylorswift.com.br\/index.php\/entenda-o-processo-de-regravacoes\/","title":{"rendered":"Entenda o processo de regrava\u00e7\u00f5es"},"content":{"rendered":"\n<p>No ano de 2019, Taylor Swift entrou em uma disputa com o empres\u00e1rio Scooter Braun e com a sua antiga gravadora, a Big Machine Records. Braun adquiriu os masters dos 6 primeiros \u00e1lbuns de Taylor, sem que ela tivesse a chance de compr\u00e1-los. <\/p>\n\n\n\n<p>Em junho de 2019, Taylor publicou uma carta em seu <a href=\"https:\/\/www.tumblr.com\/taylorswift\">Tumblr<\/a> falando sobre a aquisi\u00e7\u00e3o da BMR por Scooter Braun:<\/p>\n\n\n\n<blockquote class=\"wp-block-quote is-layout-flow wp-block-quote-is-layout-flow\">\n<p>&#8220;Durante anos pedi e implorei por uma oportunidade de ter posse do meu trabalho. Ao inv\u00e9s disso, foi me dada a oportunidade de renovar meu contrato com a Big Machine Records e \u201cganhar\u201d um \u00e1lbum de volta por vez, um a cada \u00e1lbum novo que entregasse. Eu sa\u00ed de l\u00e1 porque sabia que uma vez que assinasse aquele contrato, Scott Borchetta iria vender a gravadora, consequentemente me vendendo junto com meu futuro. Tive que tomar a dif\u00edcil decis\u00e3o de deixar o meu passado para tr\u00e1s. M\u00fasica que compus no ch\u00e3o do meu quarto e v\u00eddeos que sonhei e paguei do dinheiro que ganhei tocando em bares, clubes, arenas e est\u00e1dios.<\/p>\n\n\n\n<p>Alguns fatos interessantes da not\u00edcia de hoje: fiquei sabendo que o Scooter Braun se tornou dono dos meus originais junto com todo o mundo. Tudo o que pude pensar foi sobre o bullying incessante e manipulativo que sofri dele durante anos. Como quando a Kim Kardashian orquestrou que um trecho de uma liga\u00e7\u00e3o gravada ilegalmente fosse vazado e ent\u00e3o Scooter fez com que dois de seus clientes praticassem bullying online contra mim (vejam a foto). Ou quando seu cliente, Kanye West, organizou um v\u00eddeo com revenge porn em que figura o meu corpo nu. Agora Scooter me despiu do trabalho de minha vida e que eu n\u00e3o tive oportunidade de comprar. Essencialmente, o legado de minha m\u00fasica est\u00e1 prestes a ir para as m\u00e3os de algu\u00e9m que tentou acabar com ele.<\/p>\n\n\n\n<p>Esse \u00e9 o pior cen\u00e1rio. \u00c9 o que acontece quando voc\u00ea contrata uma adolescente de 15 anos e a alia com algu\u00e9m que o termo lealdade \u00e9 claramente apenas um conceito contratual. E quando esse homem diz que \u201cm\u00fasica tem valor\u201d, ele quer dizer do valor que est\u00e1 nas m\u00e3os de homens que n\u00e3o tiveram parte em sua cria\u00e7\u00e3o. Quando deixei meus originais nas m\u00e3os do Scott, eu sabia que ele acabaria os vendendo. Nem nos meus piores pesadelos imaginei que seria para o Scooter. Sempre que Scott Borchetta ouviu as palavras \u2018Scooter Braun\u2019 sair dos meus l\u00e1bios foi quando estava chorando ou tentando n\u00e3o chorar. Ele sabia o que estava fazendo, ambos sabiam. Controlam uma mulher que n\u00e3o queria estar associada a eles. Perpetuamente. Isso significa para sempre.<\/p>\n\n\n\n<p>Estou muito agradecida de estar contratada em uma gravadora que acredita que devo ser dona de tudo que crio. Ainda bem que deixei meu passado nas m\u00e3os do Scott e n\u00e3o meu futuro. E tomara que jovens e crian\u00e7as com sonhos na m\u00fasica leiam isso e aprendam como se proteger melhor em negocia\u00e7\u00f5es. Voc\u00ea merece ser dono da arte que voc\u00ea produz.<br>Sempre vou me orgulhar dos meus trabalhos passados. Mas, para uma op\u00e7\u00e3o mais saud\u00e1vel, Lover ser\u00e1 lan\u00e7ado dia 23 de agosto.<\/p>\n\n\n\n<p><strong>Triste <\/strong>e <strong>enojada<\/strong>, Taylor&#8221;<\/p>\n\n\n\n<p>Em <strong>agosto <\/strong>de <strong>2019<\/strong>, <strong>Taylor <\/strong>concedeu uma entrevista para a <strong>CBS <\/strong>onde foi perguntada se poderia regravar seu cat\u00e1logo antigo.<\/p>\n\n\n\n<blockquote class=\"wp-block-quote is-layout-flow wp-block-quote-is-layout-flow\">\n<p><em>\u201cVoc\u00ea poderia fazer isso?\u201d<\/em>, questionou Tracy Smith<\/p>\n\n\n\n<p><em>\u201cOh, sim\u201d<\/em>, Swift disse<\/p>\n\n\n\n<p><em>\u201cIsso \u00e9 um plano?\u201d<\/em>, Smith perguntou<\/p>\n\n\n\n<p><em>\u201cSim, absolutamente\u201d<\/em>, Taylor respondeu <\/p>\n\n\n\n<p>Ainda em agosto, Taylor fez uma apari\u00e7\u00e3o no programa norte-americano Good Morning America, onde performou algumas m\u00fasicas e cedeu uma entrevista a Roben Roberts, e falou um pouco sobre as regrava\u00e7\u00f5es:<\/p>\n\n\n\n<blockquote class=\"wp-block-quote is-layout-flow wp-block-quote-is-layout-flow\">\n<p>\u201c\u00c9 algo que estou muito animada para fazer, porque meu contrato diz que posso come\u00e7ar em novembro de 2020, ent\u00e3o no pr\u00f3ximo ano, posso gravar todos os <strong><em>cinco \u00e1lbuns novamente*<\/em><\/strong>. Estou muito animada com isso. Porque eu acho que os artistas merecem ser donos do seu pr\u00f3prio trabalho. Eu sou muito apaixonada por isso\u2026 \u00e9 ano que vem. J\u00e1 est\u00e1 chegando. Eu estarei ocupada. Estou realmente animada\u201d.<\/p>\n\n\n\n<ul class=\"wp-block-list\">\n<li>Cinco \u00e1lbuns, pois o <strong>reputation<\/strong> lan\u00e7ado em <strong>2017<\/strong>, ainda n\u00e3o poderia ser regravado, apenas em <strong>novembro de 2022<\/strong>.<\/li>\n<\/ul>\n<\/blockquote>\n<\/blockquote>\n<\/blockquote>\n\n\n\n<p>Em novembro de 2019, Taylor Swift recebeu o pr\u00eamio de Artista da D\u00e9cada no AMAs e planejava fazer uma performance que contasse um pouco da sua trajet\u00f3ria no mundo da m\u00fasica, cantando alguns de seus hits antigos. Por\u00e9m, os direitos de seus masters pertenciam ao empres\u00e1rio Scooter Braun, ela n\u00e3o tinha autoriza\u00e7\u00e3o para cant\u00e1-las em eventos gravados. Em uma nova carta no <a href=\"https:\/\/taylorswift.com.br\/taylor-esta-impedida-de-apresentar-suas-musicas-antigas-em-eventos-gravados-entenda\/?preview=true&amp;_thumbnail_id=57802\">Tumblr<\/a>, ela voltou a mencionar que iria regravar seus \u00e1lbuns antigos: <\/p>\n\n\n\n<blockquote class=\"wp-block-quote is-layout-flow wp-block-quote-is-layout-flow\">\n<p>\u201cScott Borchetta disse para a minha equipe que eles v\u00e3o permitir que eu use minhas m\u00fasicas apenas se eu fizer o seguinte: se eu concordar em n\u00e3o regravar minhas m\u00fasicas no pr\u00f3ximo ano (coisa que estou permitida a fazer legalmente e planejo fazer) e tamb\u00e9m disse para a minha equipe que eu pare de falar sobre ele e o Scooter Braun\u201d.<\/p>\n<\/blockquote>\n\n\n\n<p>Um ano depois, em novembro de 2020, Scooter Braun vendeu novamente os masters dos \u00e1lbuns de Taylor Swift para a empresa de capital privado Shamrock Holdings. E, novamente, Taylor n\u00e3o foi informada sobre a venda e postou mais uma <a href=\"https:\/\/taylorswift.com.br\/entenda-o-que-significa-a-carta-postada-por-taylor\/\">carta<\/a> em suas redes sociais:<\/p>\n\n\n\n<blockquote class=\"wp-block-quote is-layout-flow wp-block-quote-is-layout-flow\">\n<p>&#8220;Eu queria checar e atualizar voc\u00eas. Como sabem, durante o \u00faltimo ano venho tentando readquirir a propriedade dos meus masters. Pensando nisso, meu time tentou entrar em negocia\u00e7\u00f5es com o Scooter Braun. O time do Scooter queria que eu assinasse um termo de confidencialidade muito r\u00edgido dizendo que eu nunca diria outra palavra sobre Scooter Braun a menos que fosse positiva, antes mesmo que pud\u00e9ssemos olhar as demonstra\u00e7\u00f5es financeiras do BMLG (o que \u00e9 sempre o primeiro passo em uma compra dessa natureza). Ent\u00e3o, eu teria que assinar um documento que me silenciaria para sempre antes mesmo que eu tivesse a chance de fazer uma proposta de pagamento sobre meu pr\u00f3prio trabalho. Meu time jur\u00eddico disse que essas condi\u00e7\u00f5es s\u00e3o absolutamente FORA do comum e que eles nunca viram um acordo de confidencialidade assim, sem ser em casos de um assediador que tenta comprar o sil\u00eancio de sua v\u00edtima \ud83d\ude2c Ele nem passou um pre\u00e7o para o meu time. Esses masters nunca estiveram \u00e0 venda para mim. Algumas semanas atr\u00e1s, meu time recebeu uma carta de uma empresa de capital privado chamada \u201cShamrock Holdings\u201d, que nos avisou ter comprado de Scooter Braun 100% da minha m\u00fasica, v\u00eddeos e arte de \u00e1lbuns. Foi a segunda vez que minha m\u00fasica foi vendida sem que eu soubesse. A carta dizia que eles queriam falar comigo antes da venda para me avisar, mas que o Scooter Braun tinha requerido que eles n\u00e3o me contatassem ou o meu time, caso contr\u00e1rio a negocia\u00e7\u00e3o seria desfeita. Assim que come\u00e7amos a comunica\u00e7\u00e3o com Shamrock, eu descobri que sob os termos deles, Scooter vai continuar lucrando por muitos anos sobre meu antigo cat\u00e1logo. Eu estava esperan\u00e7osa e aberta a possibilidade de uma parceria com Shamrock, mas a participa\u00e7\u00e3o de Scooter \u00e9 um impedimento para mim. Recentemente, eu comecei a regravar minhas m\u00fasicas antigas e isso tem se provado animador e criativamente gratificante. Eu tenho muitas surpresas guardadas \ud83d\ude0e Eu quero agradecer voc\u00eas por me apoiarem durante essa saga continua e eu mal posso esperar para voc\u00eas ouvirem o que eu tenho sonhado. Amo voc\u00eas e vou continuar tocando em frente, como dizem.&#8221;<\/p>\n\n\n\n<p>Taylor<\/p>\n\n\n\n<p>Ainda em novembro de 2020, Taylor conquistou 3 pr\u00eamios no AMAs, mas n\u00e3o compareceu \u00e0 premia\u00e7\u00e3o que acontecia ao vivo. Em um <a href=\"https:\/\/youtu.be\/UlxhZTPiNRg\">v\u00eddeo<\/a>, ela explicou que sua aus\u00eancia estava ligada \u00e0 regrava\u00e7\u00e3o de seu antigo cat\u00e1logo:<\/p>\n\n\n\n<blockquote class=\"wp-block-quote is-layout-flow wp-block-quote-is-layout-flow\">\n<p><em>\u201cA raz\u00e3o por eu n\u00e3o estar a\u00ed essa noite \u00e9 porque <strong>eu estou regravando todas<\/strong> as minhas m\u00fasicas antigas neste est\u00fadio em que n\u00f3s originalmente as gravamos, ent\u00e3o tem sido incr\u00edvel e eu mal posso esperar para voc\u00eas ouvirem. Mas tenham uma \u00f3tima noite, eu amo muito voc\u00eas e obrigada, obrigada, obrigada\u201d.<\/em><\/p>\n\n\n\n<p>Seu v\u00eddeo foi gravado no Conway Recording Studio em Los Angeles, est\u00fadio onde os \u00e1lbuns &#8220;Red&#8221; e &#8220;1989&#8221; foram gravados originalmente. <\/p>\n\n\n\n<p>J\u00e1 em dezembro de 2020, os swifties foram surpreendidos quando a vers\u00e3o regravada de &#8220;Love Story&#8221; apareceu em um comercial estrelado por Ryan Reynolds, amigo de longa data de Taylor. Em suas redes sociais, Swift comentou sobre a nova vers\u00e3o:<\/p>\n\n\n\n<figure class=\"wp-block-embed is-type-rich is-provider-twitter wp-block-embed-twitter\"><div class=\"wp-block-embed__wrapper\">\n<blockquote class=\"twitter-tweet\" data-width=\"550\" data-dnt=\"true\"><p lang=\"en\" dir=\"ltr\">Okay so while my new re-records are NOT done, my friend <a href=\"https:\/\/twitter.com\/VancityReynolds?ref_src=twsrc%5Etfw\">@VancityReynolds<\/a> asked me if he could use a snippet of one for a LOLsome commercial he wrote so&#8230;here\u2019s a sneak peak of Love Story! Working hard to get the music to you soon!! <a href=\"https:\/\/t.co\/0vBFXxaRXR\">https:\/\/t.co\/0vBFXxaRXR<\/a><\/p>&mdash; Taylor Swift (@taylorswift13) <a href=\"https:\/\/twitter.com\/taylorswift13\/status\/1334144808693223425?ref_src=twsrc%5Etfw\">December 2, 2020<\/a><\/blockquote><script async src=\"https:\/\/platform.twitter.com\/widgets.js\" charset=\"utf-8\"><\/script>\n<\/div><figcaption class=\"wp-element-caption\">&#8220;<em>Okay, enquanto as regrava\u00e7\u00f5es n\u00e3o ficam prontas, meu amigo Ryan Reynolds perguntou se poderia usar uma trecho de uma delas para um comercial muito divertido que ele escreveu, ent\u00e3o aqui est\u00e1 uma pr\u00e9via de Love Story! Trabalhando muito para mostrar as m\u00fasicas para voc\u00eas logo\u201d.<\/em><\/figcaption><\/figure>\n\n\n\n<p><\/p>\n<\/blockquote>\n<\/blockquote>\n","protected":false},"excerpt":{"rendered":"<p>No ano de 2019, Taylor Swift entrou em uma disputa com o empres\u00e1rio Scooter Braun e com a sua antiga gravadora, a Big Machine Records. Braun adquiriu os masters dos 6 primeiros \u00e1lbuns de Taylor, sem que ela tivesse a chance de compr\u00e1-los. Em junho de 2019, Taylor publicou uma carta em seu Tumblr falando [&hellip;]<\/p>\n","protected":false},"author":1,"featured_media":27,"parent":0,"menu_order":0,"comment_status":"closed","ping_status":"closed","template":"","meta":{"footnotes":""},"class_list":["post-36","page","type-page","status-publish","has-post-thumbnail","hentry"],"_links":{"self":[{"href":"https:\/\/speaknowtv.taylorswift.com.br\/index.php\/wp-json\/wp\/v2\/pages\/36"}],"collection":[{"href":"https:\/\/speaknowtv.taylorswift.com.br\/index.php\/wp-json\/wp\/v2\/pages"}],"about":[{"href":"https:\/\/speaknowtv.taylorswift.com.br\/index.php\/wp-json\/wp\/v2\/types\/page"}],"author":[{"embeddable":true,"href":"https:\/\/speaknowtv.taylorswift.com.br\/index.php\/wp-json\/wp\/v2\/users\/1"}],"replies":[{"embeddable":true,"href":"https:\/\/speaknowtv.taylorswift.com.br\/index.php\/wp-json\/wp\/v2\/comments?post=36"}],"version-history":[{"count":1,"href":"https:\/\/speaknowtv.taylorswift.com.br\/index.php\/wp-json\/wp\/v2\/pages\/36\/revisions"}],"predecessor-version":[{"id":37,"href":"https:\/\/speaknowtv.taylorswift.com.br\/index.php\/wp-json\/wp\/v2\/pages\/36\/revisions\/37"}],"wp:featuredmedia":[{"embeddable":true,"href":"https:\/\/speaknowtv.taylorswift.com.br\/index.php\/wp-json\/wp\/v2\/media\/27"}],"wp:attachment":[{"href":"https:\/\/speaknowtv.taylorswift.com.br\/index.php\/wp-json\/wp\/v2\/media?parent=36"}],"curies":[{"name":"wp","href":"https:\/\/api.w.org\/{rel}","templated":true}]}}