{"id":23,"date":"2024-10-29T20:42:00","date_gmt":"2024-10-29T20:42:00","guid":{"rendered":"https:\/\/speaknowtv.taylorswift.com.br\/?page_id=23"},"modified":"2024-10-29T20:47:08","modified_gmt":"2024-10-29T20:47:08","slug":"anuncio","status":"publish","type":"page","link":"https:\/\/speaknowtv.taylorswift.com.br\/index.php\/anuncio\/","title":{"rendered":"An\u00fancio"},"content":{"rendered":"\n<figure class=\"wp-block-embed is-type-video is-provider-youtube wp-block-embed-youtube wp-embed-aspect-16-9 wp-has-aspect-ratio\"><div class=\"wp-block-embed__wrapper\">\n<iframe loading=\"lazy\" title=\"Speak Now TV Announcement + Sparks Fly LIVE at Taylor Swift Eras Tour Nashville Night 1 [4K]\" width=\"620\" height=\"349\" src=\"https:\/\/www.youtube.com\/embed\/_Q5cGR8cDFw?feature=oembed\" frameborder=\"0\" allow=\"accelerometer; autoplay; clipboard-write; encrypted-media; gyroscope; picture-in-picture; web-share\" referrerpolicy=\"strict-origin-when-cross-origin\" allowfullscreen><\/iframe>\n<\/div><\/figure>\n\n\n\n<p>No dia 06 de maio de 2023, Taylor Swift anunciou a regrava\u00e7\u00e3o do \u00e1lbum \u201cSpeak Now (Taylor&#8217;s Version)\u201d durante o show da \u201cThe Eras Tour\u201d em Nashville, durante o set ac\u00fastico. <\/p>\n\n\n\n<p>Antes de come\u00e7ar a cantar a primeira m\u00fasica surpresa, \u201cSparks Fly\u201d, Taylor anunciou o lan\u00e7amento da regrava\u00e7\u00e3o de seu terceiro \u00e1lbum de est\u00fadio:<\/p>\n\n\n\n<blockquote class=\"wp-block-quote is-layout-flow wp-block-quote-is-layout-flow\">\n<p><em>\u201cTem uma raz\u00e3o diferente para eu estar animada para essa parte do show, porque eu estive planejando uma coisa h\u00e1 um tempo. Voc\u00eas sabem como adoro planejar coisas e como gosto de surpreender voc\u00eas com as coisas que estou planejando, \u00e9 minha linguagem do amor com voc\u00eas. Acho que em vez de eu falar sobre isso, vou deixar voc\u00eas verem, prestem aten\u00e7\u00e3o no tel\u00e3o\u201d<\/em>.<\/p>\n<\/blockquote>\n","protected":false},"excerpt":{"rendered":"<p>No dia 06 de maio de 2023, Taylor Swift anunciou a regrava\u00e7\u00e3o do \u00e1lbum \u201cSpeak Now (Taylor&#8217;s Version)\u201d durante o show da \u201cThe Eras Tour\u201d em Nashville, durante o set ac\u00fastico. Antes de come\u00e7ar a cantar a primeira m\u00fasica surpresa, \u201cSparks Fly\u201d, Taylor anunciou o lan\u00e7amento da regrava\u00e7\u00e3o de seu terceiro \u00e1lbum de est\u00fadio: \u201cTem [&hellip;]<\/p>\n","protected":false},"author":1,"featured_media":31,"parent":0,"menu_order":0,"comment_status":"closed","ping_status":"closed","template":"","meta":{"footnotes":""},"class_list":["post-23","page","type-page","status-publish","has-post-thumbnail","hentry"],"_links":{"self":[{"href":"https:\/\/speaknowtv.taylorswift.com.br\/index.php\/wp-json\/wp\/v2\/pages\/23"}],"collection":[{"href":"https:\/\/speaknowtv.taylorswift.com.br\/index.php\/wp-json\/wp\/v2\/pages"}],"about":[{"href":"https:\/\/speaknowtv.taylorswift.com.br\/index.php\/wp-json\/wp\/v2\/types\/page"}],"author":[{"embeddable":true,"href":"https:\/\/speaknowtv.taylorswift.com.br\/index.php\/wp-json\/wp\/v2\/users\/1"}],"replies":[{"embeddable":true,"href":"https:\/\/speaknowtv.taylorswift.com.br\/index.php\/wp-json\/wp\/v2\/comments?post=23"}],"version-history":[{"count":2,"href":"https:\/\/speaknowtv.taylorswift.com.br\/index.php\/wp-json\/wp\/v2\/pages\/23\/revisions"}],"predecessor-version":[{"id":34,"href":"https:\/\/speaknowtv.taylorswift.com.br\/index.php\/wp-json\/wp\/v2\/pages\/23\/revisions\/34"}],"wp:featuredmedia":[{"embeddable":true,"href":"https:\/\/speaknowtv.taylorswift.com.br\/index.php\/wp-json\/wp\/v2\/media\/31"}],"wp:attachment":[{"href":"https:\/\/speaknowtv.taylorswift.com.br\/index.php\/wp-json\/wp\/v2\/media?parent=23"}],"curies":[{"name":"wp","href":"https:\/\/api.w.org\/{rel}","templated":true}]}}