{"id":119,"date":"2024-10-30T01:08:43","date_gmt":"2024-10-30T01:08:43","guid":{"rendered":"https:\/\/speaknowtv.taylorswift.com.br\/?page_id=119"},"modified":"2024-10-30T01:17:31","modified_gmt":"2024-10-30T01:17:31","slug":"videoclipes","status":"publish","type":"page","link":"https:\/\/speaknowtv.taylorswift.com.br\/index.php\/videoclipes\/","title":{"rendered":"Videoclipes"},"content":{"rendered":"\n<figure class=\"wp-block-embed aligncenter is-type-video is-provider-youtube wp-block-embed-youtube wp-embed-aspect-16-9 wp-has-aspect-ratio\"><div class=\"wp-block-embed__wrapper\">\n<iframe loading=\"lazy\" title=\"Taylor Swift - I Can See You (Taylor\u2019s Version) (From The Vault) (Official Video)\" width=\"620\" height=\"349\" src=\"https:\/\/www.youtube.com\/embed\/lVkKLf4DCn8?feature=oembed\" frameborder=\"0\" allow=\"accelerometer; autoplay; clipboard-write; encrypted-media; gyroscope; picture-in-picture; web-share\" referrerpolicy=\"strict-origin-when-cross-origin\" allowfullscreen><\/iframe>\n<\/div><figcaption class=\"wp-element-caption\">\u201c<strong>I Can See  You (Taylor&#8217;s Version)<\/strong>\u201d<br><strong>Dire\u00e7\u00e3o:<\/strong> Taylor Swift<br><strong>Lan\u00e7amento: <\/strong>07 e julho 2023<\/figcaption><\/figure>\n\n\n<div class=\"wp-block-image\">\n<figure class=\"aligncenter size-full is-resized\"><img loading=\"lazy\" decoding=\"async\" width=\"1080\" height=\"540\" src=\"https:\/\/speaknowtv.taylorswift.com.br\/wp-content\/uploads\/2024\/10\/SN-Doodle-copy-2.png\" alt=\"\" class=\"wp-image-86\" style=\"width:291px;height:auto\" srcset=\"https:\/\/speaknowtv.taylorswift.com.br\/wp-content\/uploads\/2024\/10\/SN-Doodle-copy-2.png 1080w, https:\/\/speaknowtv.taylorswift.com.br\/wp-content\/uploads\/2024\/10\/SN-Doodle-copy-2-300x150.png 300w, https:\/\/speaknowtv.taylorswift.com.br\/wp-content\/uploads\/2024\/10\/SN-Doodle-copy-2-1024x512.png 1024w, https:\/\/speaknowtv.taylorswift.com.br\/wp-content\/uploads\/2024\/10\/SN-Doodle-copy-2-768x384.png 768w\" sizes=\"(max-width: 1080px) 100vw, 1080px\" \/><\/figure><\/div>\n\n\n<p>No dia 07 de julho de 2023, no show da &#8216;The Eras Tour&#8217; na cidade de Kansas, Taylor Swift realizou uma premi\u00e8re do videoclipe de &#8216;I Can See You&#8217; para os f\u00e3s presentes no est\u00e1dio.<\/p>\n\n\n\n<blockquote class=\"wp-block-quote is-layout-flow wp-block-quote-is-layout-flow\">\n<p><em>\u201cUm ano e meio atr\u00e1s sonhei com esse conceito para um videoclipe e ent\u00e3o escrevi tudo, sabia exatamente como queria a filmagem, como queria faz\u00ea-lo, e eu tinha atores muito espec\u00edficos em mente para esse v\u00eddeo. E pensei: \u2018como podemos fazer com que esses atores, que est\u00e3o ocupados com filmes o tempo todo, estejam livres para fazer isso?\u2019. E ent\u00e3o as agendas bateram e gravamos em Liverpool. Sempre quis, desde que comecei a regravar meus \u00e1lbuns, contar uma hist\u00f3ria visual que retratasse simbolicamente a maneira como voc\u00eas me ajudaram a recuperar minha m\u00fasica.\u201d<\/em><\/p>\n\n\n<div class=\"wp-block-image\">\n<figure class=\"aligncenter size-full is-resized\"><img loading=\"lazy\" decoding=\"async\" width=\"1080\" height=\"540\" src=\"https:\/\/speaknowtv.taylorswift.com.br\/wp-content\/uploads\/2024\/10\/SN-Doodle-copy-2.png\" alt=\"\" class=\"wp-image-86\" style=\"width:291px;height:auto\" srcset=\"https:\/\/speaknowtv.taylorswift.com.br\/wp-content\/uploads\/2024\/10\/SN-Doodle-copy-2.png 1080w, https:\/\/speaknowtv.taylorswift.com.br\/wp-content\/uploads\/2024\/10\/SN-Doodle-copy-2-300x150.png 300w, https:\/\/speaknowtv.taylorswift.com.br\/wp-content\/uploads\/2024\/10\/SN-Doodle-copy-2-1024x512.png 1024w, https:\/\/speaknowtv.taylorswift.com.br\/wp-content\/uploads\/2024\/10\/SN-Doodle-copy-2-768x384.png 768w\" sizes=\"(max-width: 1080px) 100vw, 1080px\" \/><\/figure><\/div>\n\n\n<p><\/p>\n<\/blockquote>\n","protected":false},"excerpt":{"rendered":"<p>No dia 07 de julho de 2023, no show da &#8216;The Eras Tour&#8217; na cidade de Kansas, Taylor Swift realizou uma premi\u00e8re do videoclipe de &#8216;I Can See You&#8217; para os f\u00e3s presentes no est\u00e1dio.<\/p>\n","protected":false},"author":1,"featured_media":120,"parent":0,"menu_order":0,"comment_status":"closed","ping_status":"closed","template":"","meta":{"footnotes":""},"class_list":["post-119","page","type-page","status-publish","has-post-thumbnail","hentry"],"_links":{"self":[{"href":"https:\/\/speaknowtv.taylorswift.com.br\/index.php\/wp-json\/wp\/v2\/pages\/119"}],"collection":[{"href":"https:\/\/speaknowtv.taylorswift.com.br\/index.php\/wp-json\/wp\/v2\/pages"}],"about":[{"href":"https:\/\/speaknowtv.taylorswift.com.br\/index.php\/wp-json\/wp\/v2\/types\/page"}],"author":[{"embeddable":true,"href":"https:\/\/speaknowtv.taylorswift.com.br\/index.php\/wp-json\/wp\/v2\/users\/1"}],"replies":[{"embeddable":true,"href":"https:\/\/speaknowtv.taylorswift.com.br\/index.php\/wp-json\/wp\/v2\/comments?post=119"}],"version-history":[{"count":4,"href":"https:\/\/speaknowtv.taylorswift.com.br\/index.php\/wp-json\/wp\/v2\/pages\/119\/revisions"}],"predecessor-version":[{"id":130,"href":"https:\/\/speaknowtv.taylorswift.com.br\/index.php\/wp-json\/wp\/v2\/pages\/119\/revisions\/130"}],"wp:featuredmedia":[{"embeddable":true,"href":"https:\/\/speaknowtv.taylorswift.com.br\/index.php\/wp-json\/wp\/v2\/media\/120"}],"wp:attachment":[{"href":"https:\/\/speaknowtv.taylorswift.com.br\/index.php\/wp-json\/wp\/v2\/media?parent=119"}],"curies":[{"name":"wp","href":"https:\/\/api.w.org\/{rel}","templated":true}]}}