{"id":104,"date":"2024-10-29T22:39:08","date_gmt":"2024-10-29T22:39:08","guid":{"rendered":"https:\/\/speaknowtv.taylorswift.com.br\/?page_id=104"},"modified":"2024-10-30T00:52:26","modified_gmt":"2024-10-30T00:52:26","slug":"producao-e-composicao","status":"publish","type":"page","link":"https:\/\/speaknowtv.taylorswift.com.br\/index.php\/producao-e-composicao\/","title":{"rendered":"Produ\u00e7\u00e3o e Composi\u00e7\u00e3o"},"content":{"rendered":"\n<p>O \u00e1lbum \u201cSpeak Now (Taylor&#8217;s Version)\u201d \u00e9 composto por 22 faixas, sendo 16 delas regrava\u00e7\u00f5es do disco original, e 6 faixas in\u00e9ditas intituladas como \u201cFrom The Vault\u201d. A produ\u00e7\u00e3o do \u00e1lbum conta com Christopher Rowe nas 16 faixas regravadas, enquanto as 6 in\u00e9ditas foram produzidas por Aaron Dessner e Jack Antonoff.<\/p>\n\n\n\n<p>Para as faixas \u201cFrom The Vault\u201d, Taylor Swift contou com as participa\u00e7\u00f5es especiais de Hayley Williams em \u201cCastles Crumbling\u201d e a banda Fall Out Boy em \u201cElectric Touch\u201d.<\/p>\n\n\n<div class=\"wp-block-image\">\n<figure class=\"aligncenter size-full is-resized\"><img loading=\"lazy\" decoding=\"async\" width=\"1080\" height=\"540\" src=\"https:\/\/speaknowtv.taylorswift.com.br\/wp-content\/uploads\/2024\/10\/SN-Doodle-copy-2.png\" alt=\"\" class=\"wp-image-86\" style=\"width:291px;height:auto\" srcset=\"https:\/\/speaknowtv.taylorswift.com.br\/wp-content\/uploads\/2024\/10\/SN-Doodle-copy-2.png 1080w, https:\/\/speaknowtv.taylorswift.com.br\/wp-content\/uploads\/2024\/10\/SN-Doodle-copy-2-300x150.png 300w, https:\/\/speaknowtv.taylorswift.com.br\/wp-content\/uploads\/2024\/10\/SN-Doodle-copy-2-1024x512.png 1024w, https:\/\/speaknowtv.taylorswift.com.br\/wp-content\/uploads\/2024\/10\/SN-Doodle-copy-2-768x384.png 768w\" sizes=\"(max-width: 1080px) 100vw, 1080px\" \/><\/figure><\/div>\n\n\n<p class=\"has-text-align-center\"><strong>Mine (Taylor&#8217;s Version)<\/strong><br><strong>Escrita<\/strong> por Taylor Swift<br><strong>Produzida<\/strong> por Taylor Swift e Christopher Rowe<\/p>\n\n\n<div class=\"wp-block-image\">\n<figure class=\"aligncenter size-full is-resized\"><img loading=\"lazy\" decoding=\"async\" width=\"1080\" height=\"540\" src=\"https:\/\/speaknowtv.taylorswift.com.br\/wp-content\/uploads\/2024\/10\/SN-Doodle-copy-2.png\" alt=\"\" class=\"wp-image-86\" style=\"width:291px;height:auto\" srcset=\"https:\/\/speaknowtv.taylorswift.com.br\/wp-content\/uploads\/2024\/10\/SN-Doodle-copy-2.png 1080w, https:\/\/speaknowtv.taylorswift.com.br\/wp-content\/uploads\/2024\/10\/SN-Doodle-copy-2-300x150.png 300w, https:\/\/speaknowtv.taylorswift.com.br\/wp-content\/uploads\/2024\/10\/SN-Doodle-copy-2-1024x512.png 1024w, https:\/\/speaknowtv.taylorswift.com.br\/wp-content\/uploads\/2024\/10\/SN-Doodle-copy-2-768x384.png 768w\" sizes=\"(max-width: 1080px) 100vw, 1080px\" \/><\/figure><\/div>\n\n\n<p class=\"has-text-align-center\"><strong>Sparks Fly (Taylor&#8217;s Version)<\/strong><br><strong>Escrita<\/strong> por Taylor Swift<br><strong>Produzida<\/strong> por Taylor Swift e Christopher Rowe<\/p>\n\n\n<div class=\"wp-block-image\">\n<figure class=\"aligncenter size-full is-resized\"><img loading=\"lazy\" decoding=\"async\" width=\"1080\" height=\"540\" src=\"https:\/\/speaknowtv.taylorswift.com.br\/wp-content\/uploads\/2024\/10\/SN-Doodle-copy-2.png\" alt=\"\" class=\"wp-image-86\" style=\"width:291px;height:auto\" srcset=\"https:\/\/speaknowtv.taylorswift.com.br\/wp-content\/uploads\/2024\/10\/SN-Doodle-copy-2.png 1080w, https:\/\/speaknowtv.taylorswift.com.br\/wp-content\/uploads\/2024\/10\/SN-Doodle-copy-2-300x150.png 300w, https:\/\/speaknowtv.taylorswift.com.br\/wp-content\/uploads\/2024\/10\/SN-Doodle-copy-2-1024x512.png 1024w, https:\/\/speaknowtv.taylorswift.com.br\/wp-content\/uploads\/2024\/10\/SN-Doodle-copy-2-768x384.png 768w\" sizes=\"(max-width: 1080px) 100vw, 1080px\" \/><\/figure><\/div>\n\n\n<p class=\"has-text-align-center\"><strong>Back To December (Taylor&#8217;s Version)<\/strong><br><strong>Escrita<\/strong> por Taylor Swift<br><strong>Produzida<\/strong> por Taylor Swift e Christopher Rowe<\/p>\n\n\n<div class=\"wp-block-image\">\n<figure class=\"aligncenter size-full is-resized\"><img loading=\"lazy\" decoding=\"async\" width=\"1080\" height=\"540\" src=\"https:\/\/speaknowtv.taylorswift.com.br\/wp-content\/uploads\/2024\/10\/SN-Doodle-copy-2.png\" alt=\"\" class=\"wp-image-86\" style=\"width:291px;height:auto\" srcset=\"https:\/\/speaknowtv.taylorswift.com.br\/wp-content\/uploads\/2024\/10\/SN-Doodle-copy-2.png 1080w, https:\/\/speaknowtv.taylorswift.com.br\/wp-content\/uploads\/2024\/10\/SN-Doodle-copy-2-300x150.png 300w, https:\/\/speaknowtv.taylorswift.com.br\/wp-content\/uploads\/2024\/10\/SN-Doodle-copy-2-1024x512.png 1024w, https:\/\/speaknowtv.taylorswift.com.br\/wp-content\/uploads\/2024\/10\/SN-Doodle-copy-2-768x384.png 768w\" sizes=\"(max-width: 1080px) 100vw, 1080px\" \/><\/figure><\/div>\n\n\n<p class=\"has-text-align-center\"><strong>Speak Now (Taylor&#8217;s Version)<\/strong><br><strong>Escrita<\/strong> por Taylor Swift<br><strong>Produzida<\/strong> por Taylor Swift e Christopher Rowe<\/p>\n\n\n<div class=\"wp-block-image\">\n<figure class=\"aligncenter size-full is-resized\"><img loading=\"lazy\" decoding=\"async\" width=\"1080\" height=\"540\" src=\"https:\/\/speaknowtv.taylorswift.com.br\/wp-content\/uploads\/2024\/10\/SN-Doodle-copy-2.png\" alt=\"\" class=\"wp-image-86\" style=\"width:291px;height:auto\" srcset=\"https:\/\/speaknowtv.taylorswift.com.br\/wp-content\/uploads\/2024\/10\/SN-Doodle-copy-2.png 1080w, https:\/\/speaknowtv.taylorswift.com.br\/wp-content\/uploads\/2024\/10\/SN-Doodle-copy-2-300x150.png 300w, https:\/\/speaknowtv.taylorswift.com.br\/wp-content\/uploads\/2024\/10\/SN-Doodle-copy-2-1024x512.png 1024w, https:\/\/speaknowtv.taylorswift.com.br\/wp-content\/uploads\/2024\/10\/SN-Doodle-copy-2-768x384.png 768w\" sizes=\"(max-width: 1080px) 100vw, 1080px\" \/><\/figure><\/div>\n\n\n<p class=\"has-text-align-center\"><strong>Dear John (Taylor&#8217;s Version)<\/strong><br><strong>Escrita<\/strong> por Taylor Swift<br><strong>Produzida<\/strong> por Taylor Swift e Christopher Rowe<\/p>\n\n\n<div class=\"wp-block-image\">\n<figure class=\"aligncenter size-full is-resized\"><img loading=\"lazy\" decoding=\"async\" width=\"1080\" height=\"540\" src=\"https:\/\/speaknowtv.taylorswift.com.br\/wp-content\/uploads\/2024\/10\/SN-Doodle-copy-2.png\" alt=\"\" class=\"wp-image-86\" style=\"width:291px;height:auto\" srcset=\"https:\/\/speaknowtv.taylorswift.com.br\/wp-content\/uploads\/2024\/10\/SN-Doodle-copy-2.png 1080w, https:\/\/speaknowtv.taylorswift.com.br\/wp-content\/uploads\/2024\/10\/SN-Doodle-copy-2-300x150.png 300w, https:\/\/speaknowtv.taylorswift.com.br\/wp-content\/uploads\/2024\/10\/SN-Doodle-copy-2-1024x512.png 1024w, https:\/\/speaknowtv.taylorswift.com.br\/wp-content\/uploads\/2024\/10\/SN-Doodle-copy-2-768x384.png 768w\" sizes=\"(max-width: 1080px) 100vw, 1080px\" \/><\/figure><\/div>\n\n\n<p class=\"has-text-align-center\"><strong>Mean (Taylor&#8217;s Version)<\/strong><br><strong>Escrita<\/strong> por Taylor Swift<br><strong>Produzida<\/strong> por Taylor Swift e Christopher Rowe<\/p>\n\n\n<div class=\"wp-block-image\">\n<figure class=\"aligncenter size-full is-resized\"><img loading=\"lazy\" decoding=\"async\" width=\"1080\" height=\"540\" src=\"https:\/\/speaknowtv.taylorswift.com.br\/wp-content\/uploads\/2024\/10\/SN-Doodle-copy-2.png\" alt=\"\" class=\"wp-image-86\" style=\"width:291px;height:auto\" srcset=\"https:\/\/speaknowtv.taylorswift.com.br\/wp-content\/uploads\/2024\/10\/SN-Doodle-copy-2.png 1080w, https:\/\/speaknowtv.taylorswift.com.br\/wp-content\/uploads\/2024\/10\/SN-Doodle-copy-2-300x150.png 300w, https:\/\/speaknowtv.taylorswift.com.br\/wp-content\/uploads\/2024\/10\/SN-Doodle-copy-2-1024x512.png 1024w, https:\/\/speaknowtv.taylorswift.com.br\/wp-content\/uploads\/2024\/10\/SN-Doodle-copy-2-768x384.png 768w\" sizes=\"(max-width: 1080px) 100vw, 1080px\" \/><\/figure><\/div>\n\n\n<p class=\"has-text-align-center\"><strong>The Story Of Us (Taylor&#8217;s Version)<\/strong><br><strong>Escrita<\/strong> por Taylor Swift<br><strong>Produzida<\/strong> por Taylor Swift e Christopher Rowe<\/p>\n\n\n<div class=\"wp-block-image\">\n<figure class=\"aligncenter size-full is-resized\"><img loading=\"lazy\" decoding=\"async\" width=\"1080\" height=\"540\" src=\"https:\/\/speaknowtv.taylorswift.com.br\/wp-content\/uploads\/2024\/10\/SN-Doodle-copy-2.png\" alt=\"\" class=\"wp-image-86\" style=\"width:291px;height:auto\" srcset=\"https:\/\/speaknowtv.taylorswift.com.br\/wp-content\/uploads\/2024\/10\/SN-Doodle-copy-2.png 1080w, https:\/\/speaknowtv.taylorswift.com.br\/wp-content\/uploads\/2024\/10\/SN-Doodle-copy-2-300x150.png 300w, https:\/\/speaknowtv.taylorswift.com.br\/wp-content\/uploads\/2024\/10\/SN-Doodle-copy-2-1024x512.png 1024w, https:\/\/speaknowtv.taylorswift.com.br\/wp-content\/uploads\/2024\/10\/SN-Doodle-copy-2-768x384.png 768w\" sizes=\"(max-width: 1080px) 100vw, 1080px\" \/><\/figure><\/div>\n\n\n<p class=\"has-text-align-center\"><strong>Never Grow Up (Taylor&#8217;s Version)<\/strong><br><strong>Escrita<\/strong> por Taylor Swift<br><strong>Produzida<\/strong> por Taylor Swift e Christopher Rowe<\/p>\n\n\n<div class=\"wp-block-image\">\n<figure class=\"aligncenter size-full is-resized\"><img loading=\"lazy\" decoding=\"async\" width=\"1080\" height=\"540\" src=\"https:\/\/speaknowtv.taylorswift.com.br\/wp-content\/uploads\/2024\/10\/SN-Doodle-copy-2.png\" alt=\"\" class=\"wp-image-86\" style=\"width:291px;height:auto\" srcset=\"https:\/\/speaknowtv.taylorswift.com.br\/wp-content\/uploads\/2024\/10\/SN-Doodle-copy-2.png 1080w, https:\/\/speaknowtv.taylorswift.com.br\/wp-content\/uploads\/2024\/10\/SN-Doodle-copy-2-300x150.png 300w, https:\/\/speaknowtv.taylorswift.com.br\/wp-content\/uploads\/2024\/10\/SN-Doodle-copy-2-1024x512.png 1024w, https:\/\/speaknowtv.taylorswift.com.br\/wp-content\/uploads\/2024\/10\/SN-Doodle-copy-2-768x384.png 768w\" sizes=\"(max-width: 1080px) 100vw, 1080px\" \/><\/figure><\/div>\n\n\n<p class=\"has-text-align-center\"><strong>Enchanted (Taylor&#8217;s Version)<\/strong><br><strong>Escrita<\/strong> por Taylor Swift<br><strong>Produzida<\/strong> por Taylor Swift e Christopher Rowe<\/p>\n\n\n<div class=\"wp-block-image\">\n<figure class=\"aligncenter size-full is-resized\"><img loading=\"lazy\" decoding=\"async\" width=\"1080\" height=\"540\" src=\"https:\/\/speaknowtv.taylorswift.com.br\/wp-content\/uploads\/2024\/10\/SN-Doodle-copy-2.png\" alt=\"\" class=\"wp-image-86\" style=\"width:291px;height:auto\" srcset=\"https:\/\/speaknowtv.taylorswift.com.br\/wp-content\/uploads\/2024\/10\/SN-Doodle-copy-2.png 1080w, https:\/\/speaknowtv.taylorswift.com.br\/wp-content\/uploads\/2024\/10\/SN-Doodle-copy-2-300x150.png 300w, https:\/\/speaknowtv.taylorswift.com.br\/wp-content\/uploads\/2024\/10\/SN-Doodle-copy-2-1024x512.png 1024w, https:\/\/speaknowtv.taylorswift.com.br\/wp-content\/uploads\/2024\/10\/SN-Doodle-copy-2-768x384.png 768w\" sizes=\"(max-width: 1080px) 100vw, 1080px\" \/><\/figure><\/div>\n\n\n<p class=\"has-text-align-center\"><strong>Better Than Revenge (Taylor&#8217;s Version)<\/strong><br><strong>Escrita<\/strong> por Taylor Swift<br><strong>Produzida<\/strong> por Taylor Swift e Christopher Rowe<\/p>\n\n\n<div class=\"wp-block-image\">\n<figure class=\"aligncenter size-full is-resized\"><img loading=\"lazy\" decoding=\"async\" width=\"1080\" height=\"540\" src=\"https:\/\/speaknowtv.taylorswift.com.br\/wp-content\/uploads\/2024\/10\/SN-Doodle-copy-2.png\" alt=\"\" class=\"wp-image-86\" style=\"width:291px;height:auto\" srcset=\"https:\/\/speaknowtv.taylorswift.com.br\/wp-content\/uploads\/2024\/10\/SN-Doodle-copy-2.png 1080w, https:\/\/speaknowtv.taylorswift.com.br\/wp-content\/uploads\/2024\/10\/SN-Doodle-copy-2-300x150.png 300w, https:\/\/speaknowtv.taylorswift.com.br\/wp-content\/uploads\/2024\/10\/SN-Doodle-copy-2-1024x512.png 1024w, https:\/\/speaknowtv.taylorswift.com.br\/wp-content\/uploads\/2024\/10\/SN-Doodle-copy-2-768x384.png 768w\" sizes=\"(max-width: 1080px) 100vw, 1080px\" \/><\/figure><\/div>\n\n\n<p class=\"has-text-align-center\"><strong>Innocent (Taylor&#8217;s Version)<\/strong><br><strong>Escrita<\/strong> por Taylor Swift<br><strong>Produzida<\/strong> por Taylor Swift e Christopher Rowe<\/p>\n\n\n<div class=\"wp-block-image\">\n<figure class=\"aligncenter size-full is-resized\"><img loading=\"lazy\" decoding=\"async\" width=\"1080\" height=\"540\" src=\"https:\/\/speaknowtv.taylorswift.com.br\/wp-content\/uploads\/2024\/10\/SN-Doodle-copy-2.png\" alt=\"\" class=\"wp-image-86\" style=\"width:291px;height:auto\" srcset=\"https:\/\/speaknowtv.taylorswift.com.br\/wp-content\/uploads\/2024\/10\/SN-Doodle-copy-2.png 1080w, https:\/\/speaknowtv.taylorswift.com.br\/wp-content\/uploads\/2024\/10\/SN-Doodle-copy-2-300x150.png 300w, https:\/\/speaknowtv.taylorswift.com.br\/wp-content\/uploads\/2024\/10\/SN-Doodle-copy-2-1024x512.png 1024w, https:\/\/speaknowtv.taylorswift.com.br\/wp-content\/uploads\/2024\/10\/SN-Doodle-copy-2-768x384.png 768w\" sizes=\"(max-width: 1080px) 100vw, 1080px\" \/><\/figure><\/div>\n\n\n<p class=\"has-text-align-center\"><strong>Haunted (Taylor&#8217;s Version)<\/strong><br><strong>Escrita<\/strong> por Taylor Swift<br><strong>Produzida<\/strong> por Taylor Swift e Christopher Rowe<\/p>\n\n\n<div class=\"wp-block-image\">\n<figure class=\"aligncenter size-full is-resized\"><img loading=\"lazy\" decoding=\"async\" width=\"1080\" height=\"540\" src=\"https:\/\/speaknowtv.taylorswift.com.br\/wp-content\/uploads\/2024\/10\/SN-Doodle-copy-2.png\" alt=\"\" class=\"wp-image-86\" style=\"width:291px;height:auto\" srcset=\"https:\/\/speaknowtv.taylorswift.com.br\/wp-content\/uploads\/2024\/10\/SN-Doodle-copy-2.png 1080w, https:\/\/speaknowtv.taylorswift.com.br\/wp-content\/uploads\/2024\/10\/SN-Doodle-copy-2-300x150.png 300w, https:\/\/speaknowtv.taylorswift.com.br\/wp-content\/uploads\/2024\/10\/SN-Doodle-copy-2-1024x512.png 1024w, https:\/\/speaknowtv.taylorswift.com.br\/wp-content\/uploads\/2024\/10\/SN-Doodle-copy-2-768x384.png 768w\" sizes=\"(max-width: 1080px) 100vw, 1080px\" \/><\/figure><\/div>\n\n\n<p class=\"has-text-align-center\"><strong>Last Kiss (Taylor&#8217;s Version)<\/strong><br><strong>Escrita<\/strong> por Taylor Swift<br><strong>Produzida<\/strong> por Taylor Swift e Christopher Rowe<\/p>\n\n\n<div class=\"wp-block-image\">\n<figure class=\"aligncenter size-full is-resized\"><img loading=\"lazy\" decoding=\"async\" width=\"1080\" height=\"540\" src=\"https:\/\/speaknowtv.taylorswift.com.br\/wp-content\/uploads\/2024\/10\/SN-Doodle-copy-2.png\" alt=\"\" class=\"wp-image-86\" style=\"width:291px;height:auto\" srcset=\"https:\/\/speaknowtv.taylorswift.com.br\/wp-content\/uploads\/2024\/10\/SN-Doodle-copy-2.png 1080w, https:\/\/speaknowtv.taylorswift.com.br\/wp-content\/uploads\/2024\/10\/SN-Doodle-copy-2-300x150.png 300w, https:\/\/speaknowtv.taylorswift.com.br\/wp-content\/uploads\/2024\/10\/SN-Doodle-copy-2-1024x512.png 1024w, https:\/\/speaknowtv.taylorswift.com.br\/wp-content\/uploads\/2024\/10\/SN-Doodle-copy-2-768x384.png 768w\" sizes=\"(max-width: 1080px) 100vw, 1080px\" \/><\/figure><\/div>\n\n\n<p class=\"has-text-align-center\"><strong>Long Live (Taylor&#8217;s Version)<\/strong><br><strong>Escrita<\/strong> por Taylor Swift<br><strong>Produzida<\/strong> por Taylor Swift e Christopher Rowe<\/p>\n\n\n<div class=\"wp-block-image\">\n<figure class=\"aligncenter size-full is-resized\"><img loading=\"lazy\" decoding=\"async\" width=\"1080\" height=\"540\" src=\"https:\/\/speaknowtv.taylorswift.com.br\/wp-content\/uploads\/2024\/10\/SN-Doodle-copy-2.png\" alt=\"\" class=\"wp-image-86\" style=\"width:291px;height:auto\" srcset=\"https:\/\/speaknowtv.taylorswift.com.br\/wp-content\/uploads\/2024\/10\/SN-Doodle-copy-2.png 1080w, https:\/\/speaknowtv.taylorswift.com.br\/wp-content\/uploads\/2024\/10\/SN-Doodle-copy-2-300x150.png 300w, https:\/\/speaknowtv.taylorswift.com.br\/wp-content\/uploads\/2024\/10\/SN-Doodle-copy-2-1024x512.png 1024w, https:\/\/speaknowtv.taylorswift.com.br\/wp-content\/uploads\/2024\/10\/SN-Doodle-copy-2-768x384.png 768w\" sizes=\"(max-width: 1080px) 100vw, 1080px\" \/><\/figure><\/div>\n\n\n<p class=\"has-text-align-center\"><strong>Ours (Taylor&#8217;s Version)<\/strong><br><strong>Escrita<\/strong> por Taylor Swift<br><strong>Produzida<\/strong> por Taylor Swift e Christopher Rowe<\/p>\n\n\n<div class=\"wp-block-image\">\n<figure class=\"aligncenter size-full is-resized\"><img loading=\"lazy\" decoding=\"async\" width=\"1080\" height=\"540\" src=\"https:\/\/speaknowtv.taylorswift.com.br\/wp-content\/uploads\/2024\/10\/SN-Doodle-copy-2.png\" alt=\"\" class=\"wp-image-86\" style=\"width:291px;height:auto\" srcset=\"https:\/\/speaknowtv.taylorswift.com.br\/wp-content\/uploads\/2024\/10\/SN-Doodle-copy-2.png 1080w, https:\/\/speaknowtv.taylorswift.com.br\/wp-content\/uploads\/2024\/10\/SN-Doodle-copy-2-300x150.png 300w, https:\/\/speaknowtv.taylorswift.com.br\/wp-content\/uploads\/2024\/10\/SN-Doodle-copy-2-1024x512.png 1024w, https:\/\/speaknowtv.taylorswift.com.br\/wp-content\/uploads\/2024\/10\/SN-Doodle-copy-2-768x384.png 768w\" sizes=\"(max-width: 1080px) 100vw, 1080px\" \/><\/figure><\/div>\n\n\n<p class=\"has-text-align-center\"><strong>Superman (Taylor&#8217;s Version)<\/strong><br><strong>Escrita<\/strong> por Taylor Swift<br><strong>Produzida<\/strong> por Taylor Swift e Christopher Rowe<\/p>\n\n\n<div class=\"wp-block-image\">\n<figure class=\"aligncenter size-full is-resized\"><img loading=\"lazy\" decoding=\"async\" width=\"1080\" height=\"540\" src=\"https:\/\/speaknowtv.taylorswift.com.br\/wp-content\/uploads\/2024\/10\/SN-Doodle-copy-2.png\" alt=\"\" class=\"wp-image-86\" style=\"width:291px;height:auto\" srcset=\"https:\/\/speaknowtv.taylorswift.com.br\/wp-content\/uploads\/2024\/10\/SN-Doodle-copy-2.png 1080w, https:\/\/speaknowtv.taylorswift.com.br\/wp-content\/uploads\/2024\/10\/SN-Doodle-copy-2-300x150.png 300w, https:\/\/speaknowtv.taylorswift.com.br\/wp-content\/uploads\/2024\/10\/SN-Doodle-copy-2-1024x512.png 1024w, https:\/\/speaknowtv.taylorswift.com.br\/wp-content\/uploads\/2024\/10\/SN-Doodle-copy-2-768x384.png 768w\" sizes=\"(max-width: 1080px) 100vw, 1080px\" \/><\/figure><\/div>\n\n\n<p class=\"has-text-align-center\"><strong>Electric Touch (feat. Fall Out Boy) (Taylor&#8217;s Version)<\/strong> <strong>(From The Vault)<\/strong><br><strong>Escrita<\/strong> por Taylor Swift<br><strong>Produzida<\/strong> por Taylor Swift e Aaron Dessner<\/p>\n\n\n<div class=\"wp-block-image\">\n<figure class=\"aligncenter size-full is-resized\"><img loading=\"lazy\" decoding=\"async\" width=\"1080\" height=\"540\" src=\"https:\/\/speaknowtv.taylorswift.com.br\/wp-content\/uploads\/2024\/10\/SN-Doodle-copy-2.png\" alt=\"\" class=\"wp-image-86\" style=\"width:291px;height:auto\" srcset=\"https:\/\/speaknowtv.taylorswift.com.br\/wp-content\/uploads\/2024\/10\/SN-Doodle-copy-2.png 1080w, https:\/\/speaknowtv.taylorswift.com.br\/wp-content\/uploads\/2024\/10\/SN-Doodle-copy-2-300x150.png 300w, https:\/\/speaknowtv.taylorswift.com.br\/wp-content\/uploads\/2024\/10\/SN-Doodle-copy-2-1024x512.png 1024w, https:\/\/speaknowtv.taylorswift.com.br\/wp-content\/uploads\/2024\/10\/SN-Doodle-copy-2-768x384.png 768w\" sizes=\"(max-width: 1080px) 100vw, 1080px\" \/><\/figure><\/div>\n\n\n<p class=\"has-text-align-center\"><strong>When Emma Falls In Love (Taylor&#8217;s Version)<\/strong> <strong>(From The Vault)<\/strong><br><strong>Escrita<\/strong> por Taylor Swift<br><strong>Produzida<\/strong> por Taylor Swift e Aaron Dessner<\/p>\n\n\n<div class=\"wp-block-image\">\n<figure class=\"aligncenter size-full is-resized\"><img loading=\"lazy\" decoding=\"async\" width=\"1080\" height=\"540\" src=\"https:\/\/speaknowtv.taylorswift.com.br\/wp-content\/uploads\/2024\/10\/SN-Doodle-copy-2.png\" alt=\"\" class=\"wp-image-86\" style=\"width:291px;height:auto\" srcset=\"https:\/\/speaknowtv.taylorswift.com.br\/wp-content\/uploads\/2024\/10\/SN-Doodle-copy-2.png 1080w, https:\/\/speaknowtv.taylorswift.com.br\/wp-content\/uploads\/2024\/10\/SN-Doodle-copy-2-300x150.png 300w, https:\/\/speaknowtv.taylorswift.com.br\/wp-content\/uploads\/2024\/10\/SN-Doodle-copy-2-1024x512.png 1024w, https:\/\/speaknowtv.taylorswift.com.br\/wp-content\/uploads\/2024\/10\/SN-Doodle-copy-2-768x384.png 768w\" sizes=\"(max-width: 1080px) 100vw, 1080px\" \/><\/figure><\/div>\n\n\n<p class=\"has-text-align-center\"><strong>I Can See You (Taylor&#8217;s Version)<\/strong> <strong>(From The Vault)<\/strong><br><strong>Escrita<\/strong> por Taylor Swift<br><strong>Produzida<\/strong> por Taylor Swift e Jack Antonoff<\/p>\n\n\n<div class=\"wp-block-image\">\n<figure class=\"aligncenter size-full is-resized\"><img loading=\"lazy\" decoding=\"async\" width=\"1080\" height=\"540\" src=\"https:\/\/speaknowtv.taylorswift.com.br\/wp-content\/uploads\/2024\/10\/SN-Doodle-copy-2.png\" alt=\"\" class=\"wp-image-86\" style=\"width:291px;height:auto\" srcset=\"https:\/\/speaknowtv.taylorswift.com.br\/wp-content\/uploads\/2024\/10\/SN-Doodle-copy-2.png 1080w, https:\/\/speaknowtv.taylorswift.com.br\/wp-content\/uploads\/2024\/10\/SN-Doodle-copy-2-300x150.png 300w, https:\/\/speaknowtv.taylorswift.com.br\/wp-content\/uploads\/2024\/10\/SN-Doodle-copy-2-1024x512.png 1024w, https:\/\/speaknowtv.taylorswift.com.br\/wp-content\/uploads\/2024\/10\/SN-Doodle-copy-2-768x384.png 768w\" sizes=\"(max-width: 1080px) 100vw, 1080px\" \/><\/figure><\/div>\n\n\n<p class=\"has-text-align-center\"><strong>Castles Crumbling (feat. Hayley Williams) (Taylor&#8217;s Version)<\/strong> <strong>(From The Vault)<\/strong><br><strong>Escrita<\/strong> por Taylor Swift<br><strong>Produzida<\/strong> por Taylor Swift e Jack Antonoff<\/p>\n\n\n<div class=\"wp-block-image\">\n<figure class=\"aligncenter size-full is-resized\"><img loading=\"lazy\" decoding=\"async\" width=\"1080\" height=\"540\" src=\"https:\/\/speaknowtv.taylorswift.com.br\/wp-content\/uploads\/2024\/10\/SN-Doodle-copy-2.png\" alt=\"\" class=\"wp-image-86\" style=\"width:291px;height:auto\" srcset=\"https:\/\/speaknowtv.taylorswift.com.br\/wp-content\/uploads\/2024\/10\/SN-Doodle-copy-2.png 1080w, https:\/\/speaknowtv.taylorswift.com.br\/wp-content\/uploads\/2024\/10\/SN-Doodle-copy-2-300x150.png 300w, https:\/\/speaknowtv.taylorswift.com.br\/wp-content\/uploads\/2024\/10\/SN-Doodle-copy-2-1024x512.png 1024w, https:\/\/speaknowtv.taylorswift.com.br\/wp-content\/uploads\/2024\/10\/SN-Doodle-copy-2-768x384.png 768w\" sizes=\"(max-width: 1080px) 100vw, 1080px\" \/><\/figure><\/div>\n\n\n<p class=\"has-text-align-center\"><strong>Foolish One (Taylor&#8217;s Version)<\/strong> <strong>(From The Vault)<\/strong><br><strong>Escrita<\/strong> por Taylor Swift<br><strong>Produzida<\/strong> por Taylor Swift e Aaron Dessner<\/p>\n\n\n<div class=\"wp-block-image\">\n<figure class=\"aligncenter size-full is-resized\"><img loading=\"lazy\" decoding=\"async\" width=\"1080\" height=\"540\" src=\"https:\/\/speaknowtv.taylorswift.com.br\/wp-content\/uploads\/2024\/10\/SN-Doodle-copy-2.png\" alt=\"\" class=\"wp-image-86\" style=\"width:291px;height:auto\" srcset=\"https:\/\/speaknowtv.taylorswift.com.br\/wp-content\/uploads\/2024\/10\/SN-Doodle-copy-2.png 1080w, https:\/\/speaknowtv.taylorswift.com.br\/wp-content\/uploads\/2024\/10\/SN-Doodle-copy-2-300x150.png 300w, https:\/\/speaknowtv.taylorswift.com.br\/wp-content\/uploads\/2024\/10\/SN-Doodle-copy-2-1024x512.png 1024w, https:\/\/speaknowtv.taylorswift.com.br\/wp-content\/uploads\/2024\/10\/SN-Doodle-copy-2-768x384.png 768w\" sizes=\"(max-width: 1080px) 100vw, 1080px\" \/><\/figure><\/div>\n\n\n<p class=\"has-text-align-center\"><strong>Timeless (Taylor&#8217;s Version)<\/strong> <strong>(From The Vault)<\/strong><br><strong>Escrita<\/strong> por Taylor Swift<br><strong>Produzida<\/strong> por Taylor Swift e Jack Antonoff<\/p>\n","protected":false},"excerpt":{"rendered":"<p>O \u00e1lbum \u201cSpeak Now (Taylor&#8217;s Version)\u201d \u00e9 composto por 22 faixas, sendo 16 delas regrava\u00e7\u00f5es do disco original, e 6 faixas in\u00e9ditas intituladas como \u201cFrom The Vault\u201d. A produ\u00e7\u00e3o do \u00e1lbum conta com Christopher Rowe nas 16 faixas regravadas, enquanto as 6 in\u00e9ditas foram produzidas por Aaron Dessner e Jack Antonoff. Para as faixas \u201cFrom [&hellip;]<\/p>\n","protected":false},"author":1,"featured_media":111,"parent":0,"menu_order":0,"comment_status":"closed","ping_status":"closed","template":"","meta":{"footnotes":""},"class_list":["post-104","page","type-page","status-publish","has-post-thumbnail","hentry"],"_links":{"self":[{"href":"https:\/\/speaknowtv.taylorswift.com.br\/index.php\/wp-json\/wp\/v2\/pages\/104"}],"collection":[{"href":"https:\/\/speaknowtv.taylorswift.com.br\/index.php\/wp-json\/wp\/v2\/pages"}],"about":[{"href":"https:\/\/speaknowtv.taylorswift.com.br\/index.php\/wp-json\/wp\/v2\/types\/page"}],"author":[{"embeddable":true,"href":"https:\/\/speaknowtv.taylorswift.com.br\/index.php\/wp-json\/wp\/v2\/users\/1"}],"replies":[{"embeddable":true,"href":"https:\/\/speaknowtv.taylorswift.com.br\/index.php\/wp-json\/wp\/v2\/comments?post=104"}],"version-history":[{"count":3,"href":"https:\/\/speaknowtv.taylorswift.com.br\/index.php\/wp-json\/wp\/v2\/pages\/104\/revisions"}],"predecessor-version":[{"id":109,"href":"https:\/\/speaknowtv.taylorswift.com.br\/index.php\/wp-json\/wp\/v2\/pages\/104\/revisions\/109"}],"wp:featuredmedia":[{"embeddable":true,"href":"https:\/\/speaknowtv.taylorswift.com.br\/index.php\/wp-json\/wp\/v2\/media\/111"}],"wp:attachment":[{"href":"https:\/\/speaknowtv.taylorswift.com.br\/index.php\/wp-json\/wp\/v2\/media?parent=104"}],"curies":[{"name":"wp","href":"https:\/\/api.w.org\/{rel}","templated":true}]}}